{"id":31800,"date":"2020-02-07T12:55:40","date_gmt":"2020-02-07T10:55:40","guid":{"rendered":"https:\/\/lightup.lv\/precu-katalogs\/rombo-gaisi-bruns-krasas-adas-kresls-ar-roku-balstiem\/"},"modified":"2024-04-02T13:57:29","modified_gmt":"2024-04-02T11:57:29","slug":"rombo-gaisi-bruns-krasas-adas-kresls-ar-roku-balstiem","status":"publish","type":"product","link":"https:\/\/lightup.lv\/en\/product-catalog\/rombo-gaisi-bruns-krasas-adas-kresls-ar-roku-balstiem\/","title":{"rendered":"Rombo &#8211;  gai\u0161i br\u016bns kr\u0101sas \u0101das kr\u0113sls ar roku balstiem"},"content":{"rendered":"<p>Chair height \u2013 80 cm<\/p>\n<p>Chair length \u2013 56 cm<\/p>\n<p>Seat width \u2013 51 cm<\/p>\n<p>Seat height \u2013 46 cm<\/p>\n<p>ID 100690470<\/p>","protected":false},"excerpt":{"rendered":"<p>DAN-FORM is a Danish brand of high-quality furniture designed and manufactured. The range includes dining chairs, bar stools, lounge chairs, office chairs and tables. The furniture offered by DAN-FORM is designed to be affordable and can be used in restaurants, hotels, offices and households. The manufacturer&#039;s range includes leather, artificial leather, fabric, metal and plastic chairs, as well as wooden tables and coffee tables.<\/p>","protected":false},"featured_media":1648,"template":"","meta":{"_acf_changed":false},"product_brand":[],"product_cat":[28,38],"product_tag":[37],"class_list":{"0":"post-31800","1":"product","2":"type-product","3":"status-publish","4":"has-post-thumbnail","6":"product_cat-kresli","7":"product_cat-kresli-pie-galda","8":"product_tag-dan-form","10":"first","11":"instock","12":"shipping-taxable","13":"purchasable","14":"product-type-simple"},"acf":[],"_links":{"self":[{"href":"https:\/\/lightup.lv\/en\/wp-json\/wp\/v2\/product\/31800","targetHints":{"allow":["GET"]}}],"collection":[{"href":"https:\/\/lightup.lv\/en\/wp-json\/wp\/v2\/product"}],"about":[{"href":"https:\/\/lightup.lv\/en\/wp-json\/wp\/v2\/types\/product"}],"wp:featuredmedia":[{"embeddable":true,"href":"https:\/\/lightup.lv\/en\/wp-json\/wp\/v2\/media\/1648"}],"wp:attachment":[{"href":"https:\/\/lightup.lv\/en\/wp-json\/wp\/v2\/media?parent=31800"}],"wp:term":[{"taxonomy":"product_brand","embeddable":true,"href":"https:\/\/lightup.lv\/en\/wp-json\/wp\/v2\/product_brand?post=31800"},{"taxonomy":"product_cat","embeddable":true,"href":"https:\/\/lightup.lv\/en\/wp-json\/wp\/v2\/product_cat?post=31800"},{"taxonomy":"product_tag","embeddable":true,"href":"https:\/\/lightup.lv\/en\/wp-json\/wp\/v2\/product_tag?post=31800"}],"curies":[{"name":"wp","href":"https:\/\/api.w.org\/{rel}","templated":true}]}}