{"id":31804,"date":"2020-02-10T09:33:27","date_gmt":"2020-02-10T07:33:27","guid":{"rendered":"https:\/\/lightup.lv\/precu-katalogs\/cloud-gaisi-brunas-adas-bara-kresls\/"},"modified":"2025-05-17T13:17:43","modified_gmt":"2025-05-17T11:17:43","slug":"cloud-gaisi-brunas-adas-bara-kresls","status":"publish","type":"product","link":"https:\/\/lightup.lv\/en\/product-catalog\/cloud-gaisi-brunas-adas-bara-kresls\/","title":{"rendered":"Cloud &#8211; gai\u0161i br\u016bnas \u0101das b\u0101ra kr\u0113sls"},"content":{"rendered":"<p>B\u0101ra kr\u0113sls:<\/p>\n<p>Kr\u0113sla augstums \u2013 110 cm<\/p>\n<p>Chair length \u2013 48 cm<\/p>\n<p>S\u0113des platums \u2013 54 cm<\/p>\n<p>Seat height \u2013 77 cm<\/p>\n<p>Pusb\u0101ra kr\u0113sls<\/p>\n<p>Kr\u0113sla augstums \u2013 100 cm<\/p>\n<p>Chair length \u2013 48 cm<\/p>\n<p>S\u0113des platums \u2013 54 cm<\/p>\n<p>S\u0113des augstums \u2013 67 cm<\/p>\n<p>ID 200800210<\/p>","protected":false},"excerpt":{"rendered":"<p>DAN-FORM is a Danish brand of high-quality furniture designed and manufactured. The range includes dining chairs, bar stools, lounge chairs, office chairs and tables. The furniture offered by DAN-FORM is designed to be affordable and can be used in restaurants, hotels, offices and households. The manufacturer&#039;s range includes leather, artificial leather, fabric, metal and plastic chairs, as well as wooden tables and coffee tables.<\/p>","protected":false},"featured_media":35768,"template":"","meta":{"_acf_changed":false},"product_brand":[],"product_cat":[29,28],"product_tag":[37],"class_list":{"0":"post-31804","1":"product","2":"type-product","3":"status-publish","4":"has-post-thumbnail","6":"product_cat-bara-kresli","7":"product_cat-kresli","8":"product_tag-dan-form","10":"first","11":"instock","12":"shipping-taxable","13":"purchasable","14":"product-type-simple"},"acf":[],"_links":{"self":[{"href":"https:\/\/lightup.lv\/en\/wp-json\/wp\/v2\/product\/31804","targetHints":{"allow":["GET"]}}],"collection":[{"href":"https:\/\/lightup.lv\/en\/wp-json\/wp\/v2\/product"}],"about":[{"href":"https:\/\/lightup.lv\/en\/wp-json\/wp\/v2\/types\/product"}],"wp:featuredmedia":[{"embeddable":true,"href":"https:\/\/lightup.lv\/en\/wp-json\/wp\/v2\/media\/35768"}],"wp:attachment":[{"href":"https:\/\/lightup.lv\/en\/wp-json\/wp\/v2\/media?parent=31804"}],"wp:term":[{"taxonomy":"product_brand","embeddable":true,"href":"https:\/\/lightup.lv\/en\/wp-json\/wp\/v2\/product_brand?post=31804"},{"taxonomy":"product_cat","embeddable":true,"href":"https:\/\/lightup.lv\/en\/wp-json\/wp\/v2\/product_cat?post=31804"},{"taxonomy":"product_tag","embeddable":true,"href":"https:\/\/lightup.lv\/en\/wp-json\/wp\/v2\/product_tag?post=31804"}],"curies":[{"name":"wp","href":"https:\/\/api.w.org\/{rel}","templated":true}]}}