{"id":31818,"date":"2021-01-21T13:54:28","date_gmt":"2021-01-21T11:54:28","guid":{"rendered":"https:\/\/lightup.lv\/precu-katalogs\/hype-zils-samta-bara-kresls-2\/"},"modified":"2025-05-23T15:49:50","modified_gmt":"2025-05-23T13:49:50","slug":"hype-zils-samta-bara-kresls-2","status":"publish","type":"product","link":"https:\/\/lightup.lv\/en\/product-catalog\/hype-zils-samta-bara-kresls-2\/","title":{"rendered":"FIERCE &#8211; br\u016bns M. \u0101da"},"content":{"rendered":"<p>Br\u016bna m\u0101ksl\u012bg\u0101 \u0101da<\/p>\n<p>Kr\u0113sla augstums \u2013 85 cm<\/p>\n<p>Chair length \u2013 49 cm<\/p>\n<p>S\u0113des platums \u2013 60 cm<\/p>\n<p>Seat height \u2013 47 cm<\/p>\n<p>ID 100650100<\/p>","protected":false},"excerpt":{"rendered":"<p>DAN-FORM is a Danish brand of high-quality furniture designed and manufactured. The range includes dining chairs, bar stools, lounge chairs, office chairs and tables. The furniture offered by DAN-FORM is designed to be affordable and can be used in restaurants, hotels, offices and households. The manufacturer&#039;s range includes leather, artificial leather, fabric, metal and plastic chairs, as well as wooden tables and coffee tables.<\/p>","protected":false},"featured_media":35788,"template":"","meta":{"_acf_changed":false},"product_brand":[],"product_cat":[28,38],"product_tag":[37],"class_list":{"0":"post-31818","1":"product","2":"type-product","3":"status-publish","4":"has-post-thumbnail","6":"product_cat-kresli","7":"product_cat-kresli-pie-galda","8":"product_tag-dan-form","10":"first","11":"instock","12":"shipping-taxable","13":"purchasable","14":"product-type-simple"},"acf":[],"_links":{"self":[{"href":"https:\/\/lightup.lv\/en\/wp-json\/wp\/v2\/product\/31818","targetHints":{"allow":["GET"]}}],"collection":[{"href":"https:\/\/lightup.lv\/en\/wp-json\/wp\/v2\/product"}],"about":[{"href":"https:\/\/lightup.lv\/en\/wp-json\/wp\/v2\/types\/product"}],"wp:featuredmedia":[{"embeddable":true,"href":"https:\/\/lightup.lv\/en\/wp-json\/wp\/v2\/media\/35788"}],"wp:attachment":[{"href":"https:\/\/lightup.lv\/en\/wp-json\/wp\/v2\/media?parent=31818"}],"wp:term":[{"taxonomy":"product_brand","embeddable":true,"href":"https:\/\/lightup.lv\/en\/wp-json\/wp\/v2\/product_brand?post=31818"},{"taxonomy":"product_cat","embeddable":true,"href":"https:\/\/lightup.lv\/en\/wp-json\/wp\/v2\/product_cat?post=31818"},{"taxonomy":"product_tag","embeddable":true,"href":"https:\/\/lightup.lv\/en\/wp-json\/wp\/v2\/product_tag?post=31818"}],"curies":[{"name":"wp","href":"https:\/\/api.w.org\/{rel}","templated":true}]}}