{"id":31825,"date":"2021-02-18T07:16:58","date_gmt":"2021-02-18T05:16:58","guid":{"rendered":"https:\/\/lightup.lv\/precu-katalogs\/dolphin-bruns-adas\/"},"modified":"2025-05-23T09:35:24","modified_gmt":"2025-05-23T07:35:24","slug":"dolphin-bruns-adas","status":"publish","type":"product","link":"https:\/\/lightup.lv\/en\/product-catalog\/dolphin-bruns-adas\/","title":{"rendered":"DOLPHIN &#8211; br\u016bns \u0101das"},"content":{"rendered":"<p>Chair height \u2013 83 cm<\/p>\n<p>Chair length \u2013 55 cm<\/p>\n<p>Seat width \u2013 50 cm<\/p>\n<p>Seat height \u2013 47 cm<\/p>\n<p>Br\u016bn\u0101 kr\u0101s\u0101 m\u0101ksl\u012bg\u0101s \u0101das s\u0113\u017eam\u0101 da\u013ca ar sudraba hrom\u0113t\u0101m k\u0101j\u0101m.<\/p>\n<p>ID 100295901<\/p>","protected":false},"excerpt":{"rendered":"<p>The DOLPHIN chair is a signature Dan-Form chair. Designed and created by Bjarke Nielsen in collaboration with Dan-Form founder Jorgen Mensen, the DOLPHIN chair has a timeless, Nordic design. The seat is based on a bent wood shape that increases seating comfort and is beautifully finished with hand-stitched cross-stitching around the edges. The DOLPHIN COLLECTION consists of dining chairs, a bar and a stool.<\/p>","protected":false},"featured_media":35779,"template":"","meta":{"_acf_changed":false},"product_brand":[],"product_cat":[28,38],"product_tag":[37],"class_list":{"0":"post-31825","1":"product","2":"type-product","3":"status-publish","4":"has-post-thumbnail","6":"product_cat-kresli","7":"product_cat-kresli-pie-galda","8":"product_tag-dan-form","10":"first","11":"instock","12":"sale","13":"shipping-taxable","14":"purchasable","15":"product-type-simple"},"acf":[],"_links":{"self":[{"href":"https:\/\/lightup.lv\/en\/wp-json\/wp\/v2\/product\/31825","targetHints":{"allow":["GET"]}}],"collection":[{"href":"https:\/\/lightup.lv\/en\/wp-json\/wp\/v2\/product"}],"about":[{"href":"https:\/\/lightup.lv\/en\/wp-json\/wp\/v2\/types\/product"}],"wp:featuredmedia":[{"embeddable":true,"href":"https:\/\/lightup.lv\/en\/wp-json\/wp\/v2\/media\/35779"}],"wp:attachment":[{"href":"https:\/\/lightup.lv\/en\/wp-json\/wp\/v2\/media?parent=31825"}],"wp:term":[{"taxonomy":"product_brand","embeddable":true,"href":"https:\/\/lightup.lv\/en\/wp-json\/wp\/v2\/product_brand?post=31825"},{"taxonomy":"product_cat","embeddable":true,"href":"https:\/\/lightup.lv\/en\/wp-json\/wp\/v2\/product_cat?post=31825"},{"taxonomy":"product_tag","embeddable":true,"href":"https:\/\/lightup.lv\/en\/wp-json\/wp\/v2\/product_tag?post=31825"}],"curies":[{"name":"wp","href":"https:\/\/api.w.org\/{rel}","templated":true}]}}