{"id":31841,"date":"2021-02-18T18:25:05","date_gmt":"2021-02-18T16:25:05","guid":{"rendered":"https:\/\/lightup.lv\/precu-katalogs\/medusa-peleks-m-ada\/"},"modified":"2024-04-02T13:52:37","modified_gmt":"2024-04-02T11:52:37","slug":"medusa-peleks-m-ada","status":"publish","type":"product","link":"https:\/\/lightup.lv\/en\/product-catalog\/medusa-peleks-m-ada\/","title":{"rendered":"MEDUSA pel\u0113ks M. \u0101da"},"content":{"rendered":"<p>Kr\u0113sla augstums \u2013 86 cm<\/p>\n<p>Kr\u0113sla garums \u2013 49,5 cm<\/p>\n<p>S\u0113des platums \u2013 58,5 cm<\/p>\n<p>Seat height \u2013 45 cm<\/p>\n<p>Pel\u0113k\u0101 kr\u0101s\u0101 m\u0101ksl\u012bg\u0101s \u0101das s\u0113\u017eam\u0101 da\u013ca ar met\u0101la meln\u0101 kr\u0101s\u0101 k\u0101j\u0101m.<\/p>\n<p>ID 100600940<\/p>","protected":false},"excerpt":{"rendered":"<p>MEDUSA kr\u0113sls vilina ar nelielu smil\u0161u pulkste\u0146a formu un &#8220;bez satraukuma&#8221; dizainu. Tam ir beisbola tipa \u0161uves s\u0113dekl\u012b un m\u016bsdien\u012bgs izskats ar m\u016bsu augstas kvalit\u0101tes m\u0101ksl\u012bgo \u0101du. S\u0113deklis ir konstru\u0113ts, lai nodro\u0161in\u0101tu maksim\u0101lu s\u0113d\u0113\u0161anas komfortu, un konusveida k\u0101jas papildina vieglu un elegantu kr\u0113slu. MEDUSA ir pieejams tikai k\u0101 kr\u0113sls.<\/p>","protected":false},"featured_media":7771,"template":"","meta":{"_acf_changed":false},"product_brand":[],"product_cat":[28,38],"product_tag":[37],"class_list":{"0":"post-31841","1":"product","2":"type-product","3":"status-publish","4":"has-post-thumbnail","6":"product_cat-kresli","7":"product_cat-kresli-pie-galda","8":"product_tag-dan-form","10":"first","11":"instock","12":"sale","13":"shipping-taxable","14":"purchasable","15":"product-type-simple"},"acf":[],"_links":{"self":[{"href":"https:\/\/lightup.lv\/en\/wp-json\/wp\/v2\/product\/31841","targetHints":{"allow":["GET"]}}],"collection":[{"href":"https:\/\/lightup.lv\/en\/wp-json\/wp\/v2\/product"}],"about":[{"href":"https:\/\/lightup.lv\/en\/wp-json\/wp\/v2\/types\/product"}],"wp:featuredmedia":[{"embeddable":true,"href":"https:\/\/lightup.lv\/en\/wp-json\/wp\/v2\/media\/7771"}],"wp:attachment":[{"href":"https:\/\/lightup.lv\/en\/wp-json\/wp\/v2\/media?parent=31841"}],"wp:term":[{"taxonomy":"product_brand","embeddable":true,"href":"https:\/\/lightup.lv\/en\/wp-json\/wp\/v2\/product_brand?post=31841"},{"taxonomy":"product_cat","embeddable":true,"href":"https:\/\/lightup.lv\/en\/wp-json\/wp\/v2\/product_cat?post=31841"},{"taxonomy":"product_tag","embeddable":true,"href":"https:\/\/lightup.lv\/en\/wp-json\/wp\/v2\/product_tag?post=31841"}],"curies":[{"name":"wp","href":"https:\/\/api.w.org\/{rel}","templated":true}]}}