{"id":31851,"date":"2021-02-19T14:07:25","date_gmt":"2021-02-19T12:07:25","guid":{"rendered":"https:\/\/lightup.lv\/precu-katalogs\/swing-melns-m-ada\/"},"modified":"2024-04-02T13:58:09","modified_gmt":"2024-04-02T11:58:09","slug":"swing-melns-m-ada","status":"publish","type":"product","link":"https:\/\/lightup.lv\/en\/product-catalog\/swing-melns-m-ada\/","title":{"rendered":"SWING melns M. \u0101da"},"content":{"rendered":"<p>Kr\u0113sla augstums \u2013 84 cm<\/p>\n<p>Kr\u0113sla garums \u2013 46,5 cm<\/p>\n<p>Seat width \u2013 61 cm<\/p>\n<p>Seat height \u2013 46.5 cm<\/p>\n<p>Meln\u0101 kr\u0101s\u0101 m\u0101ksl\u012bg\u0101s \u0101das s\u0113\u017eam\u0101 da\u013ca ar melnas kr\u0101sas met\u0101la k\u0101j\u0101m.<\/p>\n<p>ID 100800310<\/p>","protected":false},"excerpt":{"rendered":"<p>SWING kr\u0113sls ir minim\u0101listisks kr\u0113sls, tom\u0113r joproj\u0101m pie\u0161\u0137ir telpai m\u016bsdien\u012bgu izj\u016btu. Katrai muguras pusei ir rakstur\u012bga &#8220;iesai\u0146o\u0161ana&#8221; mazos \u201csp\u0101rnos\u201d, un meln\u0101s met\u0101la k\u0101jas atbalsta gai\u0161u, modernu izskatu. SWING kolekcija sast\u0101v no kr\u0113sliem, b\u0101ra kr\u0113sliem un letes kr\u0113sliem.<\/p>","protected":false},"featured_media":7891,"template":"","meta":{"_acf_changed":false},"product_brand":[],"product_cat":[28,38],"product_tag":[37],"class_list":{"0":"post-31851","1":"product","2":"type-product","3":"status-publish","4":"has-post-thumbnail","6":"product_cat-kresli","7":"product_cat-kresli-pie-galda","8":"product_tag-dan-form","10":"first","11":"instock","12":"shipping-taxable","13":"purchasable","14":"product-type-simple"},"acf":[],"_links":{"self":[{"href":"https:\/\/lightup.lv\/en\/wp-json\/wp\/v2\/product\/31851","targetHints":{"allow":["GET"]}}],"collection":[{"href":"https:\/\/lightup.lv\/en\/wp-json\/wp\/v2\/product"}],"about":[{"href":"https:\/\/lightup.lv\/en\/wp-json\/wp\/v2\/types\/product"}],"wp:featuredmedia":[{"embeddable":true,"href":"https:\/\/lightup.lv\/en\/wp-json\/wp\/v2\/media\/7891"}],"wp:attachment":[{"href":"https:\/\/lightup.lv\/en\/wp-json\/wp\/v2\/media?parent=31851"}],"wp:term":[{"taxonomy":"product_brand","embeddable":true,"href":"https:\/\/lightup.lv\/en\/wp-json\/wp\/v2\/product_brand?post=31851"},{"taxonomy":"product_cat","embeddable":true,"href":"https:\/\/lightup.lv\/en\/wp-json\/wp\/v2\/product_cat?post=31851"},{"taxonomy":"product_tag","embeddable":true,"href":"https:\/\/lightup.lv\/en\/wp-json\/wp\/v2\/product_tag?post=31851"}],"curies":[{"name":"wp","href":"https:\/\/api.w.org\/{rel}","templated":true}]}}