{"id":31859,"date":"2021-02-22T07:40:12","date_gmt":"2021-02-22T05:40:12","guid":{"rendered":"https:\/\/lightup.lv\/precu-katalogs\/vetro-zils-samta-2\/"},"modified":"2024-04-02T13:23:13","modified_gmt":"2024-04-02T11:23:13","slug":"vetro-zils-samta-2","status":"publish","type":"product","link":"https:\/\/lightup.lv\/en\/product-catalog\/vetro-zils-samta-2\/","title":{"rendered":"VETRO blue velvet"},"content":{"rendered":"<p>Chair height \u2013 80 cm<\/p>\n<p>Chair length \u2013 50 cm<\/p>\n<p>Seat width \u2013 61 cm<\/p>\n<p>Seat height \u2013 47 cm<\/p>\n<p>Zil\u0101 kr\u0101s\u0101 samta s\u0113\u017eam\u0101 da\u013ca ar meln\u0101m met\u0101la k\u0101j\u0101m.<\/p>\n<p>ID 100250527<\/p>","protected":false},"excerpt":{"rendered":"<p>The VETRO chair is a royal chair with a sense of comfort. It has a comfortable seat and backrest that hugs the person sitting in it, and the fabric gives it a beautiful finish. The solid oak legs have a clear lacquer or black painted finish. The VETRO collection consists of dining chairs, a bar and a stool.<\/p>","protected":false},"featured_media":7983,"template":"","meta":{"_acf_changed":false},"product_brand":[],"product_cat":[28,38],"product_tag":[37],"class_list":{"0":"post-31859","1":"product","2":"type-product","3":"status-publish","4":"has-post-thumbnail","6":"product_cat-kresli","7":"product_cat-kresli-pie-galda","8":"product_tag-dan-form","10":"first","11":"instock","12":"sale","13":"shipping-taxable","14":"purchasable","15":"product-type-simple"},"acf":[],"_links":{"self":[{"href":"https:\/\/lightup.lv\/en\/wp-json\/wp\/v2\/product\/31859","targetHints":{"allow":["GET"]}}],"collection":[{"href":"https:\/\/lightup.lv\/en\/wp-json\/wp\/v2\/product"}],"about":[{"href":"https:\/\/lightup.lv\/en\/wp-json\/wp\/v2\/types\/product"}],"wp:featuredmedia":[{"embeddable":true,"href":"https:\/\/lightup.lv\/en\/wp-json\/wp\/v2\/media\/7983"}],"wp:attachment":[{"href":"https:\/\/lightup.lv\/en\/wp-json\/wp\/v2\/media?parent=31859"}],"wp:term":[{"taxonomy":"product_brand","embeddable":true,"href":"https:\/\/lightup.lv\/en\/wp-json\/wp\/v2\/product_brand?post=31859"},{"taxonomy":"product_cat","embeddable":true,"href":"https:\/\/lightup.lv\/en\/wp-json\/wp\/v2\/product_cat?post=31859"},{"taxonomy":"product_tag","embeddable":true,"href":"https:\/\/lightup.lv\/en\/wp-json\/wp\/v2\/product_tag?post=31859"}],"curies":[{"name":"wp","href":"https:\/\/api.w.org\/{rel}","templated":true}]}}