{"id":31872,"date":"2021-02-23T11:07:20","date_gmt":"2021-02-23T09:07:20","guid":{"rendered":"https:\/\/lightup.lv\/precu-katalogs\/boto-gaisi-bruns-m-ada\/"},"modified":"2025-05-17T13:10:21","modified_gmt":"2025-05-17T11:10:21","slug":"boto-gaisi-bruns-m-ada","status":"publish","type":"product","link":"https:\/\/lightup.lv\/en\/precu-katalogs\/boto-gaisi-bruns-m-ada\/","title":{"rendered":"BOTO gai\u0161i br\u016bns M. \u0101da"},"content":{"rendered":"<p>Chair height \u2013 105 cm<\/p>\n<p>Chair length \u2013 55 cm<\/p>\n<p>Seat width \u2013 56 cm<\/p>\n<p>Seat height \u2013 77 cm<\/p>\n<p>Gai\u0161i br\u016bn\u0101 kr\u0101s\u0101 m\u0101ksl\u012bg\u0101s \u0101das s\u0113\u017eam\u0101 da\u013ca ar meln\u0101m met\u0101la k\u0101j\u0101m.<\/p>\n<p>ID 200310301<\/p>","protected":false},"excerpt":{"rendered":"<p>The BOTO bar stool is a classic By Georgsen design. Thin metal legs that continue into the armrests wrap around the seat back. Faux leather is wrapped around the armrests as a decorative detail that takes the design to the next level. The BOTO collection consists of chairs, bar and counter stools and lounge chairs.<\/p>","protected":false},"featured_media":8154,"template":"","meta":{"_acf_changed":false},"product_brand":[],"product_cat":[29,28],"product_tag":[37],"class_list":{"0":"post-31872","1":"product","2":"type-product","3":"status-publish","4":"has-post-thumbnail","6":"product_cat-bara-kresli","7":"product_cat-kresli","8":"product_tag-dan-form","10":"first","11":"instock","12":"shipping-taxable","13":"purchasable","14":"product-type-simple"},"acf":[],"_links":{"self":[{"href":"https:\/\/lightup.lv\/en\/wp-json\/wp\/v2\/product\/31872","targetHints":{"allow":["GET"]}}],"collection":[{"href":"https:\/\/lightup.lv\/en\/wp-json\/wp\/v2\/product"}],"about":[{"href":"https:\/\/lightup.lv\/en\/wp-json\/wp\/v2\/types\/product"}],"wp:featuredmedia":[{"embeddable":true,"href":"https:\/\/lightup.lv\/en\/wp-json\/wp\/v2\/media\/8154"}],"wp:attachment":[{"href":"https:\/\/lightup.lv\/en\/wp-json\/wp\/v2\/media?parent=31872"}],"wp:term":[{"taxonomy":"product_brand","embeddable":true,"href":"https:\/\/lightup.lv\/en\/wp-json\/wp\/v2\/product_brand?post=31872"},{"taxonomy":"product_cat","embeddable":true,"href":"https:\/\/lightup.lv\/en\/wp-json\/wp\/v2\/product_cat?post=31872"},{"taxonomy":"product_tag","embeddable":true,"href":"https:\/\/lightup.lv\/en\/wp-json\/wp\/v2\/product_tag?post=31872"}],"curies":[{"name":"wp","href":"https:\/\/api.w.org\/{rel}","templated":true}]}}