{"id":31879,"date":"2021-02-23T13:04:44","date_gmt":"2021-02-23T11:04:44","guid":{"rendered":"https:\/\/lightup.lv\/precu-katalogs\/flair-melns-m-ada\/"},"modified":"2024-04-02T10:32:58","modified_gmt":"2024-04-02T08:32:58","slug":"flair-melns-m-ada","status":"publish","type":"product","link":"https:\/\/lightup.lv\/en\/product-catalog\/flair-melns-m-ada\/","title":{"rendered":"FLAIR melns M. \u0101da"},"content":{"rendered":"<p>Kr\u0113sla augstums \u2013 100 cm<\/p>\n<p>Kr\u0113sla garums \u2013 58 cm<\/p>\n<p>Seat width \u2013 50 cm<\/p>\n<p>Seat height \u2013 75 cm<\/p>\n<p>Black faux leather seat with black metal legs.<br \/>\nPieejams ar\u012b pusb\u0101ra kr\u0113sls:<\/p>\n<p>Kr\u0113sla augstums \u2013 90 cm<\/p>\n<p>Kr\u0113sla garums \u2013 58 cm<\/p>\n<p>Seat width \u2013 50 cm<\/p>\n<p>Seat height \u2013 65 cm<\/p>\n<p> ID 200801580<\/p>","protected":false},"excerpt":{"rendered":"<p>FLAIR b\u0101ra kr\u0113sli pie\u0161\u0137ir svaigu, modernu izskatu jebkuram b\u0101ram gan m\u0101j\u0101s, gan sabiedrisk\u0101s viet\u0101s. Rakstur\u012bg\u0101 mugura, kas stiepjas roku balstos, \u0161eit ir apvienota ar elegant\u0101m konisk\u0101m k\u0101j\u0101m. B\u0101ra kr\u0113sla augstums ir piem\u0113rots b\u0101ra \/ letes aug\u0161da\u013cai aptuveni 100 cm. FLAIR kolekcija sast\u0101v no kr\u0113sliem, b\u0101ra kr\u0113sliem un letes kr\u0113sliem.<\/p>","protected":false},"featured_media":8255,"template":"","meta":{"_acf_changed":false},"product_brand":[],"product_cat":[29,28],"product_tag":[37],"class_list":{"0":"post-31879","1":"product","2":"type-product","3":"status-publish","4":"has-post-thumbnail","6":"product_cat-bara-kresli","7":"product_cat-kresli","8":"product_tag-dan-form","10":"first","11":"instock","12":"sale","13":"shipping-taxable","14":"purchasable","15":"product-type-simple"},"acf":[],"_links":{"self":[{"href":"https:\/\/lightup.lv\/en\/wp-json\/wp\/v2\/product\/31879","targetHints":{"allow":["GET"]}}],"collection":[{"href":"https:\/\/lightup.lv\/en\/wp-json\/wp\/v2\/product"}],"about":[{"href":"https:\/\/lightup.lv\/en\/wp-json\/wp\/v2\/types\/product"}],"wp:featuredmedia":[{"embeddable":true,"href":"https:\/\/lightup.lv\/en\/wp-json\/wp\/v2\/media\/8255"}],"wp:attachment":[{"href":"https:\/\/lightup.lv\/en\/wp-json\/wp\/v2\/media?parent=31879"}],"wp:term":[{"taxonomy":"product_brand","embeddable":true,"href":"https:\/\/lightup.lv\/en\/wp-json\/wp\/v2\/product_brand?post=31879"},{"taxonomy":"product_cat","embeddable":true,"href":"https:\/\/lightup.lv\/en\/wp-json\/wp\/v2\/product_cat?post=31879"},{"taxonomy":"product_tag","embeddable":true,"href":"https:\/\/lightup.lv\/en\/wp-json\/wp\/v2\/product_tag?post=31879"}],"curies":[{"name":"wp","href":"https:\/\/api.w.org\/{rel}","templated":true}]}}