{"id":31882,"date":"2021-02-23T14:08:54","date_gmt":"2021-02-23T12:08:54","guid":{"rendered":"https:\/\/lightup.lv\/precu-katalogs\/gaia-melns-m-ada\/"},"modified":"2025-05-24T12:25:08","modified_gmt":"2025-05-24T10:25:08","slug":"gaia-melns-m-ada","status":"publish","type":"product","link":"https:\/\/lightup.lv\/en\/product-catalog\/gaia-melns-m-ada\/","title":{"rendered":"GAIA melns M. \u0101da"},"content":{"rendered":"<p>Chair height \u2013 75-87 cm<\/p>\n<p>Chair length \u2013 61 cm<\/p>\n<p>Seat width \u2013 59 cm<\/p>\n<p>Seat height \u2013 43-55 cm<\/p>\n<p>Meln\u0101 kr\u0101s\u0101 m\u0101ksl\u012bg\u0101s \u0101das s\u0113\u017eam\u0101 da\u013ca.<\/p>\n<p>ID 100200200<\/p>","protected":false},"excerpt":{"rendered":"<p>Curved and with a dramatic silhouette, the GAIA office chair will fit into any office space. The GAIA office chair has a comfortable, enveloping seat and armrests, as well as a black base with 5 wheels. The GAIA collection consists of dining chairs, lounge chairs, bar stools, counter stools and office chairs.<\/p>","protected":false},"featured_media":8290,"template":"","meta":{"_acf_changed":false},"product_brand":[],"product_cat":[28,38],"product_tag":[37],"class_list":{"0":"post-31882","1":"product","2":"type-product","3":"status-publish","4":"has-post-thumbnail","6":"product_cat-kresli","7":"product_cat-kresli-pie-galda","8":"product_tag-dan-form","10":"first","11":"instock","12":"shipping-taxable","13":"purchasable","14":"product-type-simple"},"acf":[],"_links":{"self":[{"href":"https:\/\/lightup.lv\/en\/wp-json\/wp\/v2\/product\/31882","targetHints":{"allow":["GET"]}}],"collection":[{"href":"https:\/\/lightup.lv\/en\/wp-json\/wp\/v2\/product"}],"about":[{"href":"https:\/\/lightup.lv\/en\/wp-json\/wp\/v2\/types\/product"}],"wp:featuredmedia":[{"embeddable":true,"href":"https:\/\/lightup.lv\/en\/wp-json\/wp\/v2\/media\/8290"}],"wp:attachment":[{"href":"https:\/\/lightup.lv\/en\/wp-json\/wp\/v2\/media?parent=31882"}],"wp:term":[{"taxonomy":"product_brand","embeddable":true,"href":"https:\/\/lightup.lv\/en\/wp-json\/wp\/v2\/product_brand?post=31882"},{"taxonomy":"product_cat","embeddable":true,"href":"https:\/\/lightup.lv\/en\/wp-json\/wp\/v2\/product_cat?post=31882"},{"taxonomy":"product_tag","embeddable":true,"href":"https:\/\/lightup.lv\/en\/wp-json\/wp\/v2\/product_tag?post=31882"}],"curies":[{"name":"wp","href":"https:\/\/api.w.org\/{rel}","templated":true}]}}