{"id":31920,"date":"2021-05-13T11:39:34","date_gmt":"2021-05-13T09:39:34","guid":{"rendered":"https:\/\/lightup.lv\/precu-katalogs\/glee-oglu-peleks-auduma\/"},"modified":"2024-04-02T13:14:53","modified_gmt":"2024-04-02T11:14:53","slug":"glee-oglu-peleks-auduma","status":"publish","type":"product","link":"https:\/\/lightup.lv\/en\/product-catalog\/glee-oglu-peleks-auduma\/","title":{"rendered":"GLEE og\u013cu pel\u0113ks auduma"},"content":{"rendered":"<p>Kr\u0113sla augstums \u2013 78 cm<\/p>\n<p>Kr\u0113sla garums \u2013 47 cm<\/p>\n<p>Seat width \u2013 56 cm<\/p>\n<p>Seat height \u2013 46 cm<\/p>\n<p>Og\u013cu pel\u0113k\u0101 kr\u0101s\u0101 auduma s\u0113\u017eam\u0101 da\u013ca ar koka k\u0101j\u0101m.<\/p>\n<p>ID 100203107<\/p>","protected":false},"excerpt":{"rendered":"<p>Dizainera Says Who GLEE kr\u0113sls ir iecien\u012bts kr\u0113sls. S\u0113\u017eam\u0101 da\u013ca un atzveltne sapl\u016bst viena ar otru, ar nelielu izliekumu uz aug\u0161u un s\u0101niem. Tam ir finiera k\u0101jas, kas pasv\u012btro dizaina spilgtumu. GLEE ir pieejams tikai k\u0101 kr\u0113sls.<\/p>","protected":false},"featured_media":9068,"template":"","meta":{"_acf_changed":false},"product_brand":[],"product_cat":[28,38],"product_tag":[37],"class_list":{"0":"post-31920","1":"product","2":"type-product","3":"status-publish","4":"has-post-thumbnail","6":"product_cat-kresli","7":"product_cat-kresli-pie-galda","8":"product_tag-dan-form","10":"first","11":"instock","12":"shipping-taxable","13":"purchasable","14":"product-type-simple"},"acf":[],"_links":{"self":[{"href":"https:\/\/lightup.lv\/en\/wp-json\/wp\/v2\/product\/31920","targetHints":{"allow":["GET"]}}],"collection":[{"href":"https:\/\/lightup.lv\/en\/wp-json\/wp\/v2\/product"}],"about":[{"href":"https:\/\/lightup.lv\/en\/wp-json\/wp\/v2\/types\/product"}],"wp:featuredmedia":[{"embeddable":true,"href":"https:\/\/lightup.lv\/en\/wp-json\/wp\/v2\/media\/9068"}],"wp:attachment":[{"href":"https:\/\/lightup.lv\/en\/wp-json\/wp\/v2\/media?parent=31920"}],"wp:term":[{"taxonomy":"product_brand","embeddable":true,"href":"https:\/\/lightup.lv\/en\/wp-json\/wp\/v2\/product_brand?post=31920"},{"taxonomy":"product_cat","embeddable":true,"href":"https:\/\/lightup.lv\/en\/wp-json\/wp\/v2\/product_cat?post=31920"},{"taxonomy":"product_tag","embeddable":true,"href":"https:\/\/lightup.lv\/en\/wp-json\/wp\/v2\/product_tag?post=31920"}],"curies":[{"name":"wp","href":"https:\/\/api.w.org\/{rel}","templated":true}]}}