{"id":31930,"date":"2021-07-20T09:41:32","date_gmt":"2021-07-20T07:41:32","guid":{"rendered":"https:\/\/lightup.lv\/precu-katalogs\/paragon-bruns-maksligas-adas\/"},"modified":"2024-04-02T13:52:57","modified_gmt":"2024-04-02T11:52:57","slug":"paragon-bruns-maksligas-adas","status":"publish","type":"product","link":"https:\/\/lightup.lv\/en\/product-catalog\/paragon-bruns-maksligas-adas\/","title":{"rendered":"PARAGON br\u016bns m\u0101ksl\u012bg\u0101s \u0101das"},"content":{"rendered":"<p>Chair height \u2013 83 cm<\/p>\n<p>Kr\u0113sla dzi\u013cums \u2013 57 cm<\/p>\n<p>Seat width \u2013 51 cm<\/p>\n<p>Seat height \u2013 46 cm<\/p>\n<p>Br\u016bn\u0101 kr\u0101s\u0101 m\u0101ksl\u012bg\u0101s \u0101das s\u0113\u017eam\u0101 da\u013ca ar met\u0101la meln\u0101 kr\u0101s\u0101 k\u0101j\u0101m.<\/p>\n<p>ID 100201101<\/p>","protected":false},"excerpt":{"rendered":"<p>PARGON ir Ebbe Gehl dizaina kr\u0113sls, kur\u0101 ir daudz interesantu deta\u013cu. Pl\u0101ns, tom\u0113r izliekts s\u0113deklis un atzveltne ir uzst\u0101d\u012bta uz met\u0101la r\u0101mja ar izsmalcin\u0101t\u0101m pelnu k\u0101j\u0101m, atst\u0101jot nelielu atstarpi starp k\u0101j\u0101m un s\u0113dekli, lai s\u0113deklis izskat\u0101s gandr\u012bz peldo\u0161s. K\u0101jas nedaudz stiepjas uz aug\u0161u aizmugur\u0113, lai ieg\u016btu at\u0161\u0137ir\u012bgu, elegantu izskatu. PARAGON ir pieejams tikai k\u0101 kr\u0113sls.<\/p>","protected":false},"featured_media":9180,"template":"","meta":{"_acf_changed":false},"product_brand":[],"product_cat":[28,38],"product_tag":[37],"class_list":{"0":"post-31930","1":"product","2":"type-product","3":"status-publish","4":"has-post-thumbnail","6":"product_cat-kresli","7":"product_cat-kresli-pie-galda","8":"product_tag-dan-form","10":"first","11":"instock","12":"sale","13":"shipping-taxable","14":"purchasable","15":"product-type-simple"},"acf":[],"_links":{"self":[{"href":"https:\/\/lightup.lv\/en\/wp-json\/wp\/v2\/product\/31930","targetHints":{"allow":["GET"]}}],"collection":[{"href":"https:\/\/lightup.lv\/en\/wp-json\/wp\/v2\/product"}],"about":[{"href":"https:\/\/lightup.lv\/en\/wp-json\/wp\/v2\/types\/product"}],"wp:featuredmedia":[{"embeddable":true,"href":"https:\/\/lightup.lv\/en\/wp-json\/wp\/v2\/media\/9180"}],"wp:attachment":[{"href":"https:\/\/lightup.lv\/en\/wp-json\/wp\/v2\/media?parent=31930"}],"wp:term":[{"taxonomy":"product_brand","embeddable":true,"href":"https:\/\/lightup.lv\/en\/wp-json\/wp\/v2\/product_brand?post=31930"},{"taxonomy":"product_cat","embeddable":true,"href":"https:\/\/lightup.lv\/en\/wp-json\/wp\/v2\/product_cat?post=31930"},{"taxonomy":"product_tag","embeddable":true,"href":"https:\/\/lightup.lv\/en\/wp-json\/wp\/v2\/product_tag?post=31930"}],"curies":[{"name":"wp","href":"https:\/\/api.w.org\/{rel}","templated":true}]}}