{"id":31968,"date":"2022-05-26T19:11:23","date_gmt":"2022-05-26T17:11:23","guid":{"rendered":"https:\/\/lightup.lv\/precu-katalogs\/cloud-peleks-maksligas-adas-kresls-2\/"},"modified":"2025-05-17T13:40:21","modified_gmt":"2025-05-17T11:40:21","slug":"cloud-peleks-maksligas-adas-kresls-2","status":"publish","type":"product","link":"https:\/\/lightup.lv\/en\/product-catalog\/cloud-peleks-maksligas-adas-kresls-2\/","title":{"rendered":"Cloud pel\u0113ks m\u0101ksl\u012bg\u0101s \u0101das kr\u0113sls"},"content":{"rendered":"<p>Color: Gray<br \/>\nSeat material: Artificial leather<br \/>\nLeg material: Metal\/steel<br \/>\nStackable: No<br \/>\nChair height: 85 cm<br \/>\nKr\u0113sla platums: 50 cm<br \/>\nChair depth: 56 cm<br \/>\nSeat height: 48 cm<br \/>\nSeat depth: 38 cm<br \/>\nSvars neto: 6 kg<\/p>\n<p>ID 100800235<\/p>","protected":false},"excerpt":{"rendered":"<p>Marianne Bjarl\u00f8v izstr\u0101d\u0101tajam kr\u0113slam Cloud ir vienk\u0101r\u0161a, ta\u010du iespaid\u012bga forma ar organisk\u0101m, noapa\u013cot\u0101m s\u0113dek\u013ca mal\u0101m un elegant\u0101m, konisk\u0101m k\u0101j\u0101m, kas pie\u0161\u0137ir dizainam vieglumu. Tas ir kr\u0113sls, kas izskat\u0101s labi no jebkura le\u0146\u0137a, nedomin\u0113jot telp\u0101. Cloud kolekcija sast\u0101v no \u0113damistabas kr\u0113sliem, b\u0101ra kr\u0113sliem un letes kr\u0113sliem.<\/p>","protected":false},"featured_media":35776,"template":"","meta":{"_acf_changed":false},"product_brand":[],"product_cat":[28,38],"product_tag":[37],"class_list":{"0":"post-31968","1":"product","2":"type-product","3":"status-publish","4":"has-post-thumbnail","6":"product_cat-kresli","7":"product_cat-kresli-pie-galda","8":"product_tag-dan-form","10":"first","11":"instock","12":"shipping-taxable","13":"purchasable","14":"product-type-simple"},"acf":[],"_links":{"self":[{"href":"https:\/\/lightup.lv\/en\/wp-json\/wp\/v2\/product\/31968","targetHints":{"allow":["GET"]}}],"collection":[{"href":"https:\/\/lightup.lv\/en\/wp-json\/wp\/v2\/product"}],"about":[{"href":"https:\/\/lightup.lv\/en\/wp-json\/wp\/v2\/types\/product"}],"wp:featuredmedia":[{"embeddable":true,"href":"https:\/\/lightup.lv\/en\/wp-json\/wp\/v2\/media\/35776"}],"wp:attachment":[{"href":"https:\/\/lightup.lv\/en\/wp-json\/wp\/v2\/media?parent=31968"}],"wp:term":[{"taxonomy":"product_brand","embeddable":true,"href":"https:\/\/lightup.lv\/en\/wp-json\/wp\/v2\/product_brand?post=31968"},{"taxonomy":"product_cat","embeddable":true,"href":"https:\/\/lightup.lv\/en\/wp-json\/wp\/v2\/product_cat?post=31968"},{"taxonomy":"product_tag","embeddable":true,"href":"https:\/\/lightup.lv\/en\/wp-json\/wp\/v2\/product_tag?post=31968"}],"curies":[{"name":"wp","href":"https:\/\/api.w.org\/{rel}","templated":true}]}}