{"id":31982,"date":"2022-05-27T10:24:41","date_gmt":"2022-05-27T08:24:41","guid":{"rendered":"https:\/\/lightup.lv\/precu-katalogs\/atputas-kresls-dubna-peleks\/"},"modified":"2025-05-16T14:15:05","modified_gmt":"2025-05-16T12:15:05","slug":"atputas-kresls-dubna-peleks","status":"publish","type":"product","link":"https:\/\/lightup.lv\/en\/product-catalog\/atputas-kresls-dubna-peleks\/","title":{"rendered":"Atp\u016btas kr\u0113sls DUBNA pel\u0113ks"},"content":{"rendered":"<p>Color: Gray<br \/>\nS\u0113des materi\u0101ls: Audums<br \/>\nStackable: No<br \/>\nKr\u0113sla augstums: 65 cm<br \/>\nKr\u0113sla platums: 76 cm<br \/>\nKr\u0113sla dzi\u013cums: 90 cm<br \/>\nS\u0113des augstums: 32 cm<br \/>\nS\u0113des dzi\u013cums: 61 cm<br \/>\nSvars neto: 21.5 kg<\/p>\n<p>ID 700700701<\/p>","protected":false},"excerpt":{"rendered":"<p>DUBNA atp\u016btas kr\u0113sls ir ide\u0101li piem\u0113rots liel\u0101m atp\u016btas zon\u0101m vai m\u0101j\u012bgam viesistabas st\u016brim. Polster\u0113t\u0101 virsma ir maigi saliekta un saloc\u012bta \u0113rt\u0101 atp\u016btas kr\u0113sl\u0101 ar savdab\u012bgu izteiksmi. Pl\u012b\u0161a audums pie\u0161\u0137ir atp\u016btas kr\u0113slam m\u012bkstu, aicino\u0161u izskatu.<\/p>","protected":false},"featured_media":35746,"template":"","meta":{"_acf_changed":false},"product_brand":[],"product_cat":[119,28],"product_tag":[37],"class_list":{"0":"post-31982","1":"product","2":"type-product","3":"status-publish","4":"has-post-thumbnail","6":"product_cat-atputas-kresli-kresli","7":"product_cat-kresli","8":"product_tag-dan-form","10":"first","11":"instock","12":"shipping-taxable","13":"purchasable","14":"product-type-simple"},"acf":[],"_links":{"self":[{"href":"https:\/\/lightup.lv\/en\/wp-json\/wp\/v2\/product\/31982","targetHints":{"allow":["GET"]}}],"collection":[{"href":"https:\/\/lightup.lv\/en\/wp-json\/wp\/v2\/product"}],"about":[{"href":"https:\/\/lightup.lv\/en\/wp-json\/wp\/v2\/types\/product"}],"wp:featuredmedia":[{"embeddable":true,"href":"https:\/\/lightup.lv\/en\/wp-json\/wp\/v2\/media\/35746"}],"wp:attachment":[{"href":"https:\/\/lightup.lv\/en\/wp-json\/wp\/v2\/media?parent=31982"}],"wp:term":[{"taxonomy":"product_brand","embeddable":true,"href":"https:\/\/lightup.lv\/en\/wp-json\/wp\/v2\/product_brand?post=31982"},{"taxonomy":"product_cat","embeddable":true,"href":"https:\/\/lightup.lv\/en\/wp-json\/wp\/v2\/product_cat?post=31982"},{"taxonomy":"product_tag","embeddable":true,"href":"https:\/\/lightup.lv\/en\/wp-json\/wp\/v2\/product_tag?post=31982"}],"curies":[{"name":"wp","href":"https:\/\/api.w.org\/{rel}","templated":true}]}}