{"id":32003,"date":"2022-05-28T17:20:31","date_gmt":"2022-05-28T15:20:31","guid":{"rendered":"https:\/\/lightup.lv\/precu-katalogs\/pusbara-kresls-flair-melns\/"},"modified":"2024-04-02T13:54:09","modified_gmt":"2024-04-02T11:54:09","slug":"half-armchair-flair-black","status":"publish","type":"product","link":"https:\/\/lightup.lv\/en\/product-catalog\/half-armchair-flair-black\/","title":{"rendered":"Bar stool FLAIR black"},"content":{"rendered":"<p><span data-sheets-value=\"{&quot;1&quot;:2,&quot;2&quot;:&quot;Kr\u0101sa: MelnanMateri\u0101ls: M\u0101ksl\u012bg\u0101 \u0101danKr\u0113sla k\u0101ju materi\u0101ls: Met\u0101ls\/t\u0113raudsnSakraujams viens uz otra: N\u0113nKr\u0113sla augstums: 90 cmnKr\u0113sla platums: 58 cmnKr\u0113sla dzi\u013cums: 50 cmnS\u0113des augstums: 65 cmnSvars neto: 6.3 kg&quot;}\" data-sheets-userformat=\"{&quot;2&quot;:769,&quot;3&quot;:{&quot;1&quot;:0},&quot;11&quot;:3,&quot;12&quot;:0}\">Color: Black<br \/>\nMaterial: Artificial leather<br \/>\nChair leg material: Metal\/steel<br \/>\nStackable: No<br \/>\nChair height: 90 cm<br \/>\nChair width: 58 cm<br \/>\nChair depth: 50 cm<br \/>\nSeat height: 65 cm<br \/>\nNet weight: 6.3 kg<\/span><\/p>\n<p>ID 200801590<\/p>","protected":false},"excerpt":{"rendered":"<p><span data-sheets-value=\"{&quot;1&quot;:2,&quot;2&quot;:&quot;FLAIR pusb\u0101ra kr\u0113sli pie\u0161\u0137ir svaigu, modernu izskatu jebkuram b\u0101ram gan m\u0101j\u0101s, gan sabiedrisk\u0101s viet\u0101s. Kr\u0113sla rakstur\u012bg\u0101 atzveltne veido ar\u012b roku balstus. Pusb\u0101ra kr\u0113sla augstums ir piem\u0113rots aptuveni 90 cm letes virsmas augstumam. Kolekcija FLAIR sast\u0101v no kr\u0113sliem, b\u0101ra kr\u0113sliem un letes kr\u0113sliem.&quot;}\" data-sheets-userformat=\"{&quot;2&quot;:769,&quot;3&quot;:{&quot;1&quot;:0},&quot;11&quot;:3,&quot;12&quot;:0}\">FLAIR half bar stools add a fresh, modern look to any bar, both at home and in public spaces. The chair&#039;s characteristic backrest also forms the armrests. The height of the half bar stool is suitable for a counter height of approximately 90 cm. The FLAIR collection consists of chairs, bar stools and counter stools.<\/span><\/p>","protected":false},"featured_media":14931,"template":"","meta":{"_acf_changed":false},"product_brand":[],"product_cat":[28,41],"product_tag":[37],"class_list":{"0":"post-32003","1":"product","2":"type-product","3":"status-publish","4":"has-post-thumbnail","6":"product_cat-kresli","7":"product_cat-pusbara-kresli","8":"product_tag-dan-form","10":"first","11":"instock","12":"sale","13":"shipping-taxable","14":"purchasable","15":"product-type-simple"},"acf":[],"_links":{"self":[{"href":"https:\/\/lightup.lv\/en\/wp-json\/wp\/v2\/product\/32003","targetHints":{"allow":["GET"]}}],"collection":[{"href":"https:\/\/lightup.lv\/en\/wp-json\/wp\/v2\/product"}],"about":[{"href":"https:\/\/lightup.lv\/en\/wp-json\/wp\/v2\/types\/product"}],"wp:featuredmedia":[{"embeddable":true,"href":"https:\/\/lightup.lv\/en\/wp-json\/wp\/v2\/media\/14931"}],"wp:attachment":[{"href":"https:\/\/lightup.lv\/en\/wp-json\/wp\/v2\/media?parent=32003"}],"wp:term":[{"taxonomy":"product_brand","embeddable":true,"href":"https:\/\/lightup.lv\/en\/wp-json\/wp\/v2\/product_brand?post=32003"},{"taxonomy":"product_cat","embeddable":true,"href":"https:\/\/lightup.lv\/en\/wp-json\/wp\/v2\/product_cat?post=32003"},{"taxonomy":"product_tag","embeddable":true,"href":"https:\/\/lightup.lv\/en\/wp-json\/wp\/v2\/product_tag?post=32003"}],"curies":[{"name":"wp","href":"https:\/\/api.w.org\/{rel}","templated":true}]}}