{"id":32034,"date":"2022-05-29T12:09:00","date_gmt":"2022-05-29T10:09:00","guid":{"rendered":"https:\/\/lightup.lv\/precu-katalogs\/kresls-glam-auduma-gaisi-peleks-2\/"},"modified":"2025-09-12T15:39:58","modified_gmt":"2025-09-12T13:39:58","slug":"kresls-glam-auduma-gaisi-peleks-2","status":"publish","type":"product","link":"https:\/\/lightup.lv\/en\/product-catalog\/kresls-glam-auduma-gaisi-peleks-2\/","title":{"rendered":"Kr\u0113sls GLAM auduma gai\u0161i pel\u0113ks"},"content":{"rendered":"<p><span data-sheets-value=\"{&quot;1&quot;:2,&quot;2&quot;:&quot;Kr\u0101sa: Gai\u0161i pel\u0113kanMateri\u0101ls: AudumsnKr\u0113sla k\u0101ju materi\u0101ls: Met\u0101ls\/t\u0113raudsnSakraujams viens uz otra: N\u0113nKr\u0113sla augstums: 82 cmnKr\u0113sla platums: 59 cmnKr\u0113sla dzi\u013cums: 61 cmnS\u0113des augstums: 47 cmnS\u0113des dzi\u013cums: 45 cmnSvars neto: 7 kg&quot;}\" data-sheets-userformat=\"{&quot;2&quot;:769,&quot;3&quot;:{&quot;1&quot;:0},&quot;11&quot;:3,&quot;12&quot;:0}\">Kr\u0101sa: Gai\u0161i pel\u0113ka<br \/>\nMaterial: Fabric<br \/>\nChair leg material: Metal\/steel<br \/>\nStackable: No<br \/>\nChair height: 82 cm<br \/>\nKr\u0113sla platums: 59 cm<br \/>\nKr\u0113sla dzi\u013cums: 61 cm<br \/>\nSeat height: 47 cm<br \/>\nS\u0113des dzi\u013cums: 45 cm<br \/>\nSvars neto: 7 kg<\/span><\/p>\n<p>ID 100206109<\/p>","protected":false},"excerpt":{"rendered":"<p><span data-sheets-value=\"{&quot;1&quot;:2,&quot;2&quot;:&quot;GLAM kr\u0113slam piem\u012bt elegance, maigas formas s\u0113deklis un pl\u0101nas, nedaudz koniskas k\u0101jas. K\u0101jas ir izstieptas l\u012bdz mugurai, kas akcent\u0113 GLAM kr\u0113sla luksusa saj\u016btu. GLAM kolekcija sast\u0101v no kr\u0113sliem, b\u0101ra kr\u0113sliem un letes kr\u0113sliem.&quot;}\" data-sheets-userformat=\"{&quot;2&quot;:769,&quot;3&quot;:{&quot;1&quot;:0},&quot;11&quot;:3,&quot;12&quot;:0}\">GLAM kr\u0113slam piem\u012bt elegance, maigas formas s\u0113deklis un pl\u0101nas, nedaudz koniskas k\u0101jas. K\u0101jas ir izstieptas l\u012bdz mugurai, kas akcent\u0113 GLAM kr\u0113sla luksusa saj\u016btu. GLAM kolekcija sast\u0101v no kr\u0113sliem, b\u0101ra kr\u0113sliem un letes kr\u0113sliem.<\/span><\/p>","protected":false},"featured_media":36911,"template":"","meta":{"_acf_changed":false},"product_brand":[],"product_cat":[28,38],"product_tag":[37],"class_list":{"0":"post-32034","1":"product","2":"type-product","3":"status-publish","4":"has-post-thumbnail","6":"product_cat-kresli","7":"product_cat-kresli-pie-galda","8":"product_tag-dan-form","10":"first","11":"instock","12":"shipping-taxable","13":"purchasable","14":"product-type-simple"},"acf":[],"_links":{"self":[{"href":"https:\/\/lightup.lv\/en\/wp-json\/wp\/v2\/product\/32034","targetHints":{"allow":["GET"]}}],"collection":[{"href":"https:\/\/lightup.lv\/en\/wp-json\/wp\/v2\/product"}],"about":[{"href":"https:\/\/lightup.lv\/en\/wp-json\/wp\/v2\/types\/product"}],"wp:featuredmedia":[{"embeddable":true,"href":"https:\/\/lightup.lv\/en\/wp-json\/wp\/v2\/media\/36911"}],"wp:attachment":[{"href":"https:\/\/lightup.lv\/en\/wp-json\/wp\/v2\/media?parent=32034"}],"wp:term":[{"taxonomy":"product_brand","embeddable":true,"href":"https:\/\/lightup.lv\/en\/wp-json\/wp\/v2\/product_brand?post=32034"},{"taxonomy":"product_cat","embeddable":true,"href":"https:\/\/lightup.lv\/en\/wp-json\/wp\/v2\/product_cat?post=32034"},{"taxonomy":"product_tag","embeddable":true,"href":"https:\/\/lightup.lv\/en\/wp-json\/wp\/v2\/product_tag?post=32034"}],"curies":[{"name":"wp","href":"https:\/\/api.w.org\/{rel}","templated":true}]}}