{"id":32042,"date":"2022-05-29T17:59:01","date_gmt":"2022-05-29T15:59:01","guid":{"rendered":"https:\/\/lightup.lv\/precu-katalogs\/bara-kresls-hype-melns\/"},"modified":"2025-05-17T12:37:28","modified_gmt":"2025-05-17T10:37:28","slug":"bara-chair-hype-black","status":"publish","type":"product","link":"https:\/\/lightup.lv\/en\/product-catalog\/bara-chair-hype-black\/","title":{"rendered":"Bar stool HYPE black"},"content":{"rendered":"<p><span data-sheets-value=\"{&quot;1&quot;:2,&quot;2&quot;:&quot;Kr\u0101sa: MelnanMateri\u0101ls: M\u0101ksl\u012bg\u0101 \u0101danKr\u0113sla k\u0101ju materi\u0101ls: Met\u0101ls\/t\u0113raudsnSakraujams viens uz otra: N\u0113nKr\u0113sla augstums: 101 cmnKr\u0113sla platums: 49 cmnKr\u0113sla dzi\u013cums: 53 cmnS\u0113des augstums: 75 cmnS\u0113des dzi\u013cums: 38 cmnSvars neto: 8 kg&quot;}\" data-sheets-userformat=\"{&quot;2&quot;:769,&quot;3&quot;:{&quot;1&quot;:0},&quot;11&quot;:3,&quot;12&quot;:0}\">Color: Black<br \/>\nMaterial: Artificial leather<br \/>\nChair leg material: Metal\/steel<br \/>\nStackable: No<br \/>\nChair height: 101 cm<br \/>\nChair width: 49 cm<br \/>\nChair depth: 53 cm<br \/>\nSeat height: 75 cm<br \/>\nSeat depth: 38 cm<br \/>\nNet weight: 8 kg<\/span><\/p>\n<p>ID 200390600<\/p>","protected":false},"excerpt":{"rendered":"<p><span data-sheets-value=\"{&quot;1&quot;:2,&quot;2&quot;:&quot;HYPE b\u0101ra kr\u0113sliem ir ikonisks s\u0113dek\u013ca siluets ar beisbola bumbas \u0161uv\u0113m. Melnas met\u0101la k\u0101jas papildina m\u016bsdien\u012bgu izskatu. Polster\u0113tajam s\u0113deklim ir lielisks s\u0113d\u0113\u0161anas komforts, un elegantais dizains padara \u0161o b\u0101ra kr\u0113slu par popul\u0101ru izv\u0113li gan viesm\u012bl\u012bbas, gan m\u0101jas apst\u0101k\u013ciem. B\u0101ra kr\u0113sla augstums ir piem\u0113rots aptuveni 100 cm b\u0101ra\/letes virsmas augstumam. HYPE kolekcija sast\u0101v no kr\u0113sliem, soliem, b\u0101ra kr\u0113sliem, letes kr\u0113sliem un biroja kr\u0113sliem.&quot;}\" data-sheets-userformat=\"{&quot;2&quot;:769,&quot;3&quot;:{&quot;1&quot;:0},&quot;11&quot;:3,&quot;12&quot;:0}\">The HYPE bar stools feature an iconic seat silhouette with baseball seams. Black metal legs add to the contemporary look. The upholstered seat offers excellent seating comfort, and the elegant design makes this bar stool a popular choice for both hospitality and home settings. The height of the bar stool is suitable for a bar\/counter height of approximately 100 cm. The HYPE collection consists of chairs, benches, bar stools, counter stools and office chairs.<\/span><\/p>","protected":false},"featured_media":35763,"template":"","meta":{"_acf_changed":false},"product_brand":[],"product_cat":[28,29,213],"product_tag":[37],"class_list":{"0":"post-32042","1":"product","2":"type-product","3":"status-publish","4":"has-post-thumbnail","6":"product_cat-kresli","7":"product_cat-bara-kresli","8":"product_cat-salona-pieejams","9":"product_tag-dan-form","11":"first","12":"instock","13":"featured","14":"shipping-taxable","15":"purchasable","16":"product-type-simple"},"acf":[],"_links":{"self":[{"href":"https:\/\/lightup.lv\/en\/wp-json\/wp\/v2\/product\/32042","targetHints":{"allow":["GET"]}}],"collection":[{"href":"https:\/\/lightup.lv\/en\/wp-json\/wp\/v2\/product"}],"about":[{"href":"https:\/\/lightup.lv\/en\/wp-json\/wp\/v2\/types\/product"}],"wp:featuredmedia":[{"embeddable":true,"href":"https:\/\/lightup.lv\/en\/wp-json\/wp\/v2\/media\/35763"}],"wp:attachment":[{"href":"https:\/\/lightup.lv\/en\/wp-json\/wp\/v2\/media?parent=32042"}],"wp:term":[{"taxonomy":"product_brand","embeddable":true,"href":"https:\/\/lightup.lv\/en\/wp-json\/wp\/v2\/product_brand?post=32042"},{"taxonomy":"product_cat","embeddable":true,"href":"https:\/\/lightup.lv\/en\/wp-json\/wp\/v2\/product_cat?post=32042"},{"taxonomy":"product_tag","embeddable":true,"href":"https:\/\/lightup.lv\/en\/wp-json\/wp\/v2\/product_tag?post=32042"}],"curies":[{"name":"wp","href":"https:\/\/api.w.org\/{rel}","templated":true}]}}