{"id":32049,"date":"2022-05-29T18:25:54","date_gmt":"2022-05-29T16:25:54","guid":{"rendered":"https:\/\/lightup.lv\/precu-katalogs\/pusbara-kresls-hype-audums-melns\/"},"modified":"2024-04-02T13:19:41","modified_gmt":"2024-04-02T11:19:41","slug":"pusbara-kresls-hype-audums-melns","status":"publish","type":"product","link":"https:\/\/lightup.lv\/en\/product-catalog\/pusbara-kresls-hype-audums-melns\/","title":{"rendered":"Bar stool HYPE fabric black"},"content":{"rendered":"<p><span data-sheets-value=\"{&quot;1&quot;:2,&quot;2&quot;:&quot;Kr\u0101sa: MelnanMateri\u0101ls: AudumsnKr\u0113sla k\u0101ju materi\u0101ls: Met\u0101ls\/t\u0113raudsnSakraujams viens uz otra: N\u0113nKr\u0113sla augstums: 91 cmnKr\u0113sla platums: 49 cmnKr\u0113sla dzi\u013cums: 52 cmnS\u0113des augstums: 65 cmnS\u0113des dzi\u013cums: 38 cmnSvars neto: 7.4 kg&quot;}\" data-sheets-userformat=\"{&quot;2&quot;:769,&quot;3&quot;:{&quot;1&quot;:0},&quot;11&quot;:3,&quot;12&quot;:0}\">Color: Black<br \/>\nMaterial: Fabric<br \/>\nChair leg material: Metal\/steel<br \/>\nStackable: No<br \/>\nKr\u0113sla augstums: 91 cm<br \/>\nChair width: 49 cm<br \/>\nKr\u0113sla dzi\u013cums: 52 cm<br \/>\nSeat height: 65 cm<br \/>\nSeat depth: 38 cm<br \/>\nSvars neto: 7.4 kg<\/span><\/p>\n<p>ID 200490860<\/p>","protected":false},"excerpt":{"rendered":"<p><span data-sheets-value=\"{&quot;1&quot;:2,&quot;2&quot;:&quot;HYPE pusb\u0101ra kr\u0113sliem ir ikonisks s\u0113dek\u013ca siluets ar beisbola bumbas \u0161uv\u0113m. Melnas met\u0101la k\u0101jas papildina m\u016bsdien\u012bgu izskatu. Polster\u0113tajam s\u0113deklim ir lielisks s\u0113d\u0113\u0161anas komforts, un elegantais dizains padara \u0161o b\u0101ra kr\u0113slu par popul\u0101ru izv\u0113li gan viesm\u012bl\u012bbas, gan m\u0101jas apst\u0101k\u013ciem. Piem\u0113rots letes augstumam. HYPE kolekcija sast\u0101v no kr\u0113sliem, soliem, b\u0101ra kr\u0113sliem, letes kr\u0113sliem un biroja kr\u0113sliem.&quot;}\" data-sheets-userformat=\"{&quot;2&quot;:769,&quot;3&quot;:{&quot;1&quot;:0},&quot;11&quot;:3,&quot;12&quot;:0}\">HYPE pusb\u0101ra kr\u0113sliem ir ikonisks s\u0113dek\u013ca siluets ar beisbola bumbas \u0161uv\u0113m. Melnas met\u0101la k\u0101jas papildina m\u016bsdien\u012bgu izskatu. Polster\u0113tajam s\u0113deklim ir lielisks s\u0113d\u0113\u0161anas komforts, un elegantais dizains padara \u0161o b\u0101ra kr\u0113slu par popul\u0101ru izv\u0113li gan viesm\u012bl\u012bbas, gan m\u0101jas apst\u0101k\u013ciem. Piem\u0113rots letes augstumam. HYPE kolekcija sast\u0101v no kr\u0113sliem, soliem, b\u0101ra kr\u0113sliem, letes kr\u0113sliem un biroja kr\u0113sliem.<\/span><\/p>","protected":false},"featured_media":15511,"template":"","meta":{"_acf_changed":false},"product_brand":[],"product_cat":[28,38,41],"product_tag":[37],"class_list":{"0":"post-32049","1":"product","2":"type-product","3":"status-publish","4":"has-post-thumbnail","6":"product_cat-kresli","7":"product_cat-kresli-pie-galda","8":"product_cat-pusbara-kresli","9":"product_tag-dan-form","11":"first","12":"instock","13":"sale","14":"shipping-taxable","15":"purchasable","16":"product-type-simple"},"acf":[],"_links":{"self":[{"href":"https:\/\/lightup.lv\/en\/wp-json\/wp\/v2\/product\/32049","targetHints":{"allow":["GET"]}}],"collection":[{"href":"https:\/\/lightup.lv\/en\/wp-json\/wp\/v2\/product"}],"about":[{"href":"https:\/\/lightup.lv\/en\/wp-json\/wp\/v2\/types\/product"}],"wp:featuredmedia":[{"embeddable":true,"href":"https:\/\/lightup.lv\/en\/wp-json\/wp\/v2\/media\/15511"}],"wp:attachment":[{"href":"https:\/\/lightup.lv\/en\/wp-json\/wp\/v2\/media?parent=32049"}],"wp:term":[{"taxonomy":"product_brand","embeddable":true,"href":"https:\/\/lightup.lv\/en\/wp-json\/wp\/v2\/product_brand?post=32049"},{"taxonomy":"product_cat","embeddable":true,"href":"https:\/\/lightup.lv\/en\/wp-json\/wp\/v2\/product_cat?post=32049"},{"taxonomy":"product_tag","embeddable":true,"href":"https:\/\/lightup.lv\/en\/wp-json\/wp\/v2\/product_tag?post=32049"}],"curies":[{"name":"wp","href":"https:\/\/api.w.org\/{rel}","templated":true}]}}