{"id":32081,"date":"2022-05-30T17:24:23","date_gmt":"2022-05-30T15:24:23","guid":{"rendered":"https:\/\/lightup.lv\/precu-katalogs\/kresls-medusa-peleks-2\/"},"modified":"2025-06-14T12:29:42","modified_gmt":"2025-06-14T10:29:42","slug":"kresls-medusa-peleks-2","status":"publish","type":"product","link":"https:\/\/lightup.lv\/en\/product-catalog\/kresls-medusa-peleks-2\/","title":{"rendered":"Kr\u0113sls MEDUSA pel\u0113ks"},"content":{"rendered":"<p><span data-sheets-value=\"{&quot;1&quot;:2,&quot;2&quot;:&quot;Kr\u0101sa: Pel\u0113kanMateri\u0101ls: M\u0101ksl\u012bg\u0101 \u0101danKr\u0113sla k\u0101ju materi\u0101ls: Met\u0101ls\/t\u0113raudsnSakraujams viens uz otra: N\u0113nKr\u0113sla augstums: 86 cmnKr\u0113sla platums: 49 cmnKr\u0113sla dzi\u013cums: 58.5 cmnS\u0113des augstums: 46 cmnS\u0113des dzi\u013cums: 42 cmnSvars neto: 6.5 kg&quot;}\" data-sheets-userformat=\"{&quot;2&quot;:769,&quot;3&quot;:{&quot;1&quot;:0},&quot;11&quot;:3,&quot;12&quot;:0}\">Color: Gray<br \/>\nMaterial: Artificial leather<br \/>\nChair leg material: Metal\/steel<br \/>\nStackable: No<br \/>\nKr\u0113sla augstums: 86 cm<br \/>\nChair width: 49 cm<br \/>\nChair depth: 58.5 cm<br \/>\nSeat height: 46 cm<br \/>\nS\u0113des dzi\u013cums: 42 cm<br \/>\nSvars neto: 6.5 kg<\/span><\/p>\n<p>ID 100600912<\/p>","protected":false},"excerpt":{"rendered":"<p><span data-sheets-value=\"{&quot;1&quot;:2,&quot;2&quot;:&quot;MEDUSA kr\u0113slam ir nekaun\u012bgas beisbola bumbas \u0161uves s\u0113dekl\u012b un m\u016bsdien\u012bgs izskats ar augstas kvalit\u0101tes m\u0101ksl\u012bgo \u0101du. S\u0113deklis ir konstru\u0113ts t\u0101, lai nodro\u0161in\u0101tu maksim\u0101lu s\u0113d\u0113\u0161anas komfortu, un konusveida k\u0101jas rada vieglu un elegantu stilu. MEDUSA kolekcija sast\u0101v no kr\u0113sliem, b\u0101ra un letes kr\u0113sliem.&quot;}\" data-sheets-userformat=\"{&quot;2&quot;:769,&quot;3&quot;:{&quot;1&quot;:0},&quot;11&quot;:3,&quot;12&quot;:0}\">MEDUSA kr\u0113slam ir nekaun\u012bgas beisbola bumbas \u0161uves s\u0113dekl\u012b un m\u016bsdien\u012bgs izskats ar augstas kvalit\u0101tes m\u0101ksl\u012bgo \u0101du. S\u0113deklis ir konstru\u0113ts t\u0101, lai nodro\u0161in\u0101tu maksim\u0101lu s\u0113d\u0113\u0161anas komfortu, un konusveida k\u0101jas rada vieglu un elegantu stilu. MEDUSA kolekcija sast\u0101v no kr\u0113sliem, b\u0101ra un letes kr\u0113sliem.<\/span><\/p>","protected":false},"featured_media":35929,"template":"","meta":{"_acf_changed":false},"product_brand":[],"product_cat":[28,38],"product_tag":[37],"class_list":{"0":"post-32081","1":"product","2":"type-product","3":"status-publish","4":"has-post-thumbnail","6":"product_cat-kresli","7":"product_cat-kresli-pie-galda","8":"product_tag-dan-form","10":"first","11":"instock","12":"sale","13":"shipping-taxable","14":"purchasable","15":"product-type-simple"},"acf":[],"_links":{"self":[{"href":"https:\/\/lightup.lv\/en\/wp-json\/wp\/v2\/product\/32081","targetHints":{"allow":["GET"]}}],"collection":[{"href":"https:\/\/lightup.lv\/en\/wp-json\/wp\/v2\/product"}],"about":[{"href":"https:\/\/lightup.lv\/en\/wp-json\/wp\/v2\/types\/product"}],"wp:featuredmedia":[{"embeddable":true,"href":"https:\/\/lightup.lv\/en\/wp-json\/wp\/v2\/media\/35929"}],"wp:attachment":[{"href":"https:\/\/lightup.lv\/en\/wp-json\/wp\/v2\/media?parent=32081"}],"wp:term":[{"taxonomy":"product_brand","embeddable":true,"href":"https:\/\/lightup.lv\/en\/wp-json\/wp\/v2\/product_brand?post=32081"},{"taxonomy":"product_cat","embeddable":true,"href":"https:\/\/lightup.lv\/en\/wp-json\/wp\/v2\/product_cat?post=32081"},{"taxonomy":"product_tag","embeddable":true,"href":"https:\/\/lightup.lv\/en\/wp-json\/wp\/v2\/product_tag?post=32081"}],"curies":[{"name":"wp","href":"https:\/\/api.w.org\/{rel}","templated":true}]}}