{"id":32093,"date":"2022-05-30T18:03:06","date_gmt":"2022-05-30T16:03:06","guid":{"rendered":"https:\/\/lightup.lv\/precu-katalogs\/bara-kresls-paragon-gaisi-bruns\/"},"modified":"2025-05-23T15:39:13","modified_gmt":"2025-05-23T13:39:13","slug":"bara-kresls-paragon-air-brown","status":"publish","type":"product","link":"https:\/\/lightup.lv\/en\/product-catalog\/bara-kresls-paragon-air-brown\/","title":{"rendered":"Bar stool PARAGON light brown"},"content":{"rendered":"<p><span data-sheets-value=\"{&quot;1&quot;:2,&quot;2&quot;:&quot;Kr\u0101sa: Gai\u0161i br\u016bnanMateri\u0101ls: AudumsnKr\u0113sla k\u0101ju materi\u0101ls: OsisnSakraujams viens uz otra: N\u0113nKr\u0113sla augstums: 104 cmnKr\u0113sla platums: 56 cmnKr\u0113sla dzi\u013cums: 49 cmnS\u0113des augstums: 77 cmnSvars neto: 9.1 kg&quot;}\" data-sheets-userformat=\"{&quot;2&quot;:769,&quot;3&quot;:{&quot;1&quot;:0},&quot;11&quot;:3,&quot;12&quot;:0}\">Color: Light brown<br \/>\nMaterial: Fabric<br \/>\nChair leg material: Ash<br \/>\nStackable: No<br \/>\nChair height: 104 cm<br \/>\nChair width: 56 cm<br \/>\nChair depth: 49 cm<br \/>\nSeat height: 77 cm<br \/>\nNet weight: 9.1 kg<\/span><\/p>\n<p>ID 200201106<\/p>","protected":false},"excerpt":{"rendered":"<p><span data-sheets-value=\"{&quot;1&quot;:2,&quot;2&quot;:&quot;Pl\u0101ns, bet izliekts s\u0113deklis un atzveltne ir uzst\u0101d\u012bti uz met\u0101la r\u0101mja ar izsmalcin\u0101t\u0101m o\u0161a k\u0101j\u0101m, atst\u0101jot nelielu atstarpi starp k\u0101j\u0101m un s\u0113dekli, lai s\u0113deklis izskat\u012btos peldo\u0161s. K\u0101jas iestiepjas kr\u0113sla atzveltn\u0113, lai ieg\u016btu izteiksm\u012bgu, elegantu izskatu. PARAGON kolekcija sast\u0101v no kr\u0113sliem, b\u0101ra un letes kr\u0113sliem.&quot;}\" data-sheets-userformat=\"{&quot;2&quot;:769,&quot;3&quot;:{&quot;1&quot;:0},&quot;11&quot;:3,&quot;12&quot;:0}\">The thin but curved seat and backrest are mounted on a metal frame with sophisticated ash legs, leaving a small gap between the legs and the seat, giving the seat a floating appearance. The legs extend into the backrest of the chair for a crisp, elegant look. The PARAGON collection consists of chairs, bar stools and counter stools.<\/span><\/p>","protected":false},"featured_media":35765,"template":"","meta":{"_acf_changed":false},"product_brand":[],"product_cat":[28,29],"product_tag":[37],"class_list":{"0":"post-32093","1":"product","2":"type-product","3":"status-publish","4":"has-post-thumbnail","6":"product_cat-kresli","7":"product_cat-bara-kresli","8":"product_tag-dan-form","10":"first","11":"instock","12":"shipping-taxable","13":"purchasable","14":"product-type-simple"},"acf":[],"_links":{"self":[{"href":"https:\/\/lightup.lv\/en\/wp-json\/wp\/v2\/product\/32093","targetHints":{"allow":["GET"]}}],"collection":[{"href":"https:\/\/lightup.lv\/en\/wp-json\/wp\/v2\/product"}],"about":[{"href":"https:\/\/lightup.lv\/en\/wp-json\/wp\/v2\/types\/product"}],"wp:featuredmedia":[{"embeddable":true,"href":"https:\/\/lightup.lv\/en\/wp-json\/wp\/v2\/media\/35765"}],"wp:attachment":[{"href":"https:\/\/lightup.lv\/en\/wp-json\/wp\/v2\/media?parent=32093"}],"wp:term":[{"taxonomy":"product_brand","embeddable":true,"href":"https:\/\/lightup.lv\/en\/wp-json\/wp\/v2\/product_brand?post=32093"},{"taxonomy":"product_cat","embeddable":true,"href":"https:\/\/lightup.lv\/en\/wp-json\/wp\/v2\/product_cat?post=32093"},{"taxonomy":"product_tag","embeddable":true,"href":"https:\/\/lightup.lv\/en\/wp-json\/wp\/v2\/product_tag?post=32093"}],"curies":[{"name":"wp","href":"https:\/\/api.w.org\/{rel}","templated":true}]}}