{"id":32094,"date":"2022-05-30T18:06:32","date_gmt":"2022-05-30T16:06:32","guid":{"rendered":"https:\/\/lightup.lv\/precu-katalogs\/atzveltnes-kresls-plenti-balts\/"},"modified":"2025-10-08T10:17:49","modified_gmt":"2025-10-08T08:17:49","slug":"atzveltnes-kresls-plenti-balts","status":"publish","type":"product","link":"https:\/\/lightup.lv\/en\/product-catalog\/atzveltnes-kresls-plenti-balts\/","title":{"rendered":"Auduma kr\u0113sls PLENTI balts"},"content":{"rendered":"<p><span data-sheets-value=\"{&quot;1&quot;:2,&quot;2&quot;:&quot;Kr\u0101sa: Balta\/B\u0113\u0161anMateri\u0101ls: AudumsnKr\u0113sla k\u0101ju materi\u0101ls: T\u0113rauds\/met\u0101lsnSakraujams viens uz otra: N\u0113nKr\u0113sla augstums: 75 cmnKr\u0113sla platums: 59 cmnKr\u0113sla dzi\u013cums: 53 cmnRoku balsta augstums: 72 cmnS\u0113des augstums: 49 cmnS\u0113des dzi\u013cums: 44 cmnSvars neto: 6.6 kg&quot;}\" data-sheets-userformat=\"{&quot;2&quot;:769,&quot;3&quot;:{&quot;1&quot;:0},&quot;11&quot;:3,&quot;12&quot;:0}\">Color: White\/Beige<br \/>\nMaterial: Fabric<br \/>\nChair leg material: Steel\/metal<br \/>\nStackable: No<br \/>\nChair height: 75 cm<br \/>\nKr\u0113sla platums: 59 cm<br \/>\nChair depth: 53 cm<br \/>\nRoku balsta augstums: 72 cm<br \/>\nSeat height: 49 cm<br \/>\nSeat depth: 44 cm<br \/>\nSvars neto: 6.6 kg<\/span><\/p>\n<p>ID 100350104<\/p>","protected":false},"excerpt":{"rendered":"<p><span data-sheets-value=\"{&quot;1&quot;:2,&quot;2&quot;:&quot;Atzveltnes kr\u0113slam PLENTI ir maigi izliekta, aptvero\u0161a atzveltne, kas veido ar\u012b roku balstus. Balst\u012bts uz pl\u0101n\u0101m k\u0101j\u0101m, kas rada viegluma saj\u016btu t\u0101 izskat\u0101.&quot;}\" data-sheets-userformat=\"{&quot;2&quot;:769,&quot;3&quot;:{&quot;1&quot;:0},&quot;11&quot;:3,&quot;12&quot;:0}\">Atzveltnes kr\u0113slam PLENTI ir maigi izliekta, aptvero\u0161a atzveltne, kas veido ar\u012b roku balstus. Balst\u012bts uz pl\u0101n\u0101m k\u0101j\u0101m, kas rada viegluma saj\u016btu t\u0101 izskat\u0101.<\/span><\/p>","protected":false},"featured_media":35747,"template":"","meta":{"_acf_changed":false},"product_brand":[],"product_cat":[28,38,213],"product_tag":[37],"class_list":{"0":"post-32094","1":"product","2":"type-product","3":"status-publish","4":"has-post-thumbnail","6":"product_cat-kresli","7":"product_cat-kresli-pie-galda","8":"product_cat-salona-pieejams","9":"product_tag-dan-form","11":"first","12":"instock","13":"shipping-taxable","14":"purchasable","15":"product-type-simple"},"acf":[],"_links":{"self":[{"href":"https:\/\/lightup.lv\/en\/wp-json\/wp\/v2\/product\/32094","targetHints":{"allow":["GET"]}}],"collection":[{"href":"https:\/\/lightup.lv\/en\/wp-json\/wp\/v2\/product"}],"about":[{"href":"https:\/\/lightup.lv\/en\/wp-json\/wp\/v2\/types\/product"}],"wp:featuredmedia":[{"embeddable":true,"href":"https:\/\/lightup.lv\/en\/wp-json\/wp\/v2\/media\/35747"}],"wp:attachment":[{"href":"https:\/\/lightup.lv\/en\/wp-json\/wp\/v2\/media?parent=32094"}],"wp:term":[{"taxonomy":"product_brand","embeddable":true,"href":"https:\/\/lightup.lv\/en\/wp-json\/wp\/v2\/product_brand?post=32094"},{"taxonomy":"product_cat","embeddable":true,"href":"https:\/\/lightup.lv\/en\/wp-json\/wp\/v2\/product_cat?post=32094"},{"taxonomy":"product_tag","embeddable":true,"href":"https:\/\/lightup.lv\/en\/wp-json\/wp\/v2\/product_tag?post=32094"}],"curies":[{"name":"wp","href":"https:\/\/api.w.org\/{rel}","templated":true}]}}