{"id":32099,"date":"2022-05-31T11:48:08","date_gmt":"2022-05-31T09:48:08","guid":{"rendered":"https:\/\/lightup.lv\/precu-katalogs\/kresls-roost-bruns\/"},"modified":"2025-12-01T17:20:18","modified_gmt":"2025-12-01T15:20:18","slug":"kresls-roost-bruns","status":"publish","type":"product","link":"https:\/\/lightup.lv\/en\/product-catalog\/kresls-roost-bruns\/","title":{"rendered":"Kr\u0113sls ROOST br\u016bns"},"content":{"rendered":"<p>Color: Brown<br \/>\nMaterial: Artificial leather<br \/>\nChair leg material: Steel\/metal<br \/>\nStackable: No<br \/>\nChair height: 82 cm<br \/>\nChair width: 53 cm<br \/>\nChair depth: 56 cm<br \/>\nS\u0113des augstums: 52 cm<br \/>\nSeat depth: 44 cm<br \/>\nSvars neto: 6.5 kg<\/p>\n<p>ID 100360101<\/p>","protected":false},"excerpt":{"rendered":"<p>Kr\u0113slam ROOST ir tik daudz skaistu deta\u013cu, s\u0101kot ar k\u0101j\u0101m, kas veido A burtu aizmugur\u0113, l\u012bdz dekorat\u012bv\u0101m, vertik\u0101l\u0101m \u0161uv\u0113m atzveltnes iek\u0161pus\u0113.<\/p>","protected":false},"featured_media":35922,"template":"","meta":{"_acf_changed":false},"product_brand":[],"product_cat":[28,38],"product_tag":[37],"class_list":{"0":"post-32099","1":"product","2":"type-product","3":"status-publish","4":"has-post-thumbnail","6":"product_cat-kresli","7":"product_cat-kresli-pie-galda","8":"product_tag-dan-form","10":"first","11":"instock","12":"shipping-taxable","13":"purchasable","14":"product-type-simple"},"acf":[],"_links":{"self":[{"href":"https:\/\/lightup.lv\/en\/wp-json\/wp\/v2\/product\/32099","targetHints":{"allow":["GET"]}}],"collection":[{"href":"https:\/\/lightup.lv\/en\/wp-json\/wp\/v2\/product"}],"about":[{"href":"https:\/\/lightup.lv\/en\/wp-json\/wp\/v2\/types\/product"}],"wp:featuredmedia":[{"embeddable":true,"href":"https:\/\/lightup.lv\/en\/wp-json\/wp\/v2\/media\/35922"}],"wp:attachment":[{"href":"https:\/\/lightup.lv\/en\/wp-json\/wp\/v2\/media?parent=32099"}],"wp:term":[{"taxonomy":"product_brand","embeddable":true,"href":"https:\/\/lightup.lv\/en\/wp-json\/wp\/v2\/product_brand?post=32099"},{"taxonomy":"product_cat","embeddable":true,"href":"https:\/\/lightup.lv\/en\/wp-json\/wp\/v2\/product_cat?post=32099"},{"taxonomy":"product_tag","embeddable":true,"href":"https:\/\/lightup.lv\/en\/wp-json\/wp\/v2\/product_tag?post=32099"}],"curies":[{"name":"wp","href":"https:\/\/api.w.org\/{rel}","templated":true}]}}