{"id":32139,"date":"2022-05-31T20:39:06","date_gmt":"2022-05-31T18:39:06","guid":{"rendered":"https:\/\/lightup.lv\/precu-katalogs\/pusbara-kresls-zed-bruns\/"},"modified":"2025-09-17T11:24:08","modified_gmt":"2025-09-17T09:24:08","slug":"pusbara-kresls-zed-bruns","status":"publish","type":"product","link":"https:\/\/lightup.lv\/en\/precu-katalogs\/pusbara-kresls-zed-bruns\/","title":{"rendered":"Bar stool ZED brown"},"content":{"rendered":"<p>Color: Brown<br \/>\nMaterial: Artificial leather<br \/>\nChair leg material: Steel\/metal<br \/>\nStackable: No<br \/>\nKr\u0113sla augstums: 95,5 cm<br \/>\nChair width: 51 cm<br \/>\nKr\u0113sla dzi\u013cums: 49.5 cm<br \/>\nSeat height: 67 cm<br \/>\nSvars neto: 8.5 kg<\/p>\n<p>ID 300103101<\/p>","protected":false},"excerpt":{"rendered":"<p>ZED galda kr\u0113sliem ir slaidas met\u0101la k\u0101jas, kas eleganti p\u0101rv\u0113r\u0161as roku balstos un turpin\u0101s aiz muguras. M\u016bsdien\u012bgs izskats ar stingr\u0101m l\u012bnij\u0101m, kas piest\u0101v\u0113s jebkurai virtuves letei vai zemiem b\u0101ra galdiem. ZED kolekcija sast\u0101v no kr\u0113sliem, b\u0101ra un letes kr\u0113sliem un atp\u016btas kr\u0113sliem.<\/p>","protected":false},"featured_media":35913,"template":"","meta":{"_acf_changed":false},"product_brand":[],"product_cat":[28,41,213],"product_tag":[37],"class_list":{"0":"post-32139","1":"product","2":"type-product","3":"status-publish","4":"has-post-thumbnail","6":"product_cat-kresli","7":"product_cat-pusbara-kresli","8":"product_cat-salona-pieejams","9":"product_tag-dan-form","11":"first","12":"instock","13":"shipping-taxable","14":"purchasable","15":"product-type-simple"},"acf":[],"_links":{"self":[{"href":"https:\/\/lightup.lv\/en\/wp-json\/wp\/v2\/product\/32139","targetHints":{"allow":["GET"]}}],"collection":[{"href":"https:\/\/lightup.lv\/en\/wp-json\/wp\/v2\/product"}],"about":[{"href":"https:\/\/lightup.lv\/en\/wp-json\/wp\/v2\/types\/product"}],"wp:featuredmedia":[{"embeddable":true,"href":"https:\/\/lightup.lv\/en\/wp-json\/wp\/v2\/media\/35913"}],"wp:attachment":[{"href":"https:\/\/lightup.lv\/en\/wp-json\/wp\/v2\/media?parent=32139"}],"wp:term":[{"taxonomy":"product_brand","embeddable":true,"href":"https:\/\/lightup.lv\/en\/wp-json\/wp\/v2\/product_brand?post=32139"},{"taxonomy":"product_cat","embeddable":true,"href":"https:\/\/lightup.lv\/en\/wp-json\/wp\/v2\/product_cat?post=32139"},{"taxonomy":"product_tag","embeddable":true,"href":"https:\/\/lightup.lv\/en\/wp-json\/wp\/v2\/product_tag?post=32139"}],"curies":[{"name":"wp","href":"https:\/\/api.w.org\/{rel}","templated":true}]}}