{"id":32392,"date":"2024-04-11T10:42:45","date_gmt":"2024-04-11T08:42:45","guid":{"rendered":"https:\/\/lightup.lv\/?post_type=product&#038;p=32392"},"modified":"2025-09-17T11:15:41","modified_gmt":"2025-09-17T09:15:41","slug":"pusbara-kresls-crib-melns","status":"publish","type":"product","link":"https:\/\/lightup.lv\/en\/product-catalog\/pusbara-kresls-crib-melns\/","title":{"rendered":"Bar stool CRIB, black"},"content":{"rendered":"<p>Color: Black<br \/>\nMateri\u0101ls: M\u0101ksl\u012bg\u0101 \u0101da, koks<br \/>\nChair leg material: Steel\/metal<br \/>\nStackable: No<br \/>\nKr\u0113sla augstums: 91,50 cm<br \/>\nChair width: 56 cm<br \/>\nKr\u0113sla dzi\u013cums: 48.5 cm<br \/>\nS\u0113des augstums: 63,5 cm<br \/>\nSvars neto: 8.1 kg<\/p>\n<p>ID 300200630<\/p>","protected":false},"excerpt":{"rendered":"<p>CRIB pusb\u0101ra kr\u0113sls apvieno gadsimta vidus klasiku ar m\u016bsdien\u012bgu saj\u016btu. Skaist\u0101s dizaina iez\u012bmes ietver finiera muguru, kas polster\u0113ta iek\u0161pus\u0113, muguras apt\u012b\u0161anu un izstiep\u0161anu roku balstos skaist\u0101 izliekum\u0101 un slaid\u0101s, nedaudz konisk\u0101s k\u0101ji\u0146\u0101s gai\u0161am un elegantam izskatam. CRIB KOLEKCIJA sast\u0101v no \u0113damkr\u0113sliem, letes \u0137eb\u013ciem un atp\u016btas kr\u0113sliem.<\/p>","protected":false},"featured_media":32397,"template":"","meta":{"_acf_changed":false},"product_brand":[],"product_cat":[28,41,213],"product_tag":[37],"class_list":{"0":"post-32392","1":"product","2":"type-product","3":"status-publish","4":"has-post-thumbnail","6":"product_cat-kresli","7":"product_cat-pusbara-kresli","8":"product_cat-salona-pieejams","9":"product_tag-dan-form","11":"first","12":"instock","13":"shipping-taxable","14":"purchasable","15":"product-type-simple"},"acf":[],"_links":{"self":[{"href":"https:\/\/lightup.lv\/en\/wp-json\/wp\/v2\/product\/32392","targetHints":{"allow":["GET"]}}],"collection":[{"href":"https:\/\/lightup.lv\/en\/wp-json\/wp\/v2\/product"}],"about":[{"href":"https:\/\/lightup.lv\/en\/wp-json\/wp\/v2\/types\/product"}],"wp:featuredmedia":[{"embeddable":true,"href":"https:\/\/lightup.lv\/en\/wp-json\/wp\/v2\/media\/32397"}],"wp:attachment":[{"href":"https:\/\/lightup.lv\/en\/wp-json\/wp\/v2\/media?parent=32392"}],"wp:term":[{"taxonomy":"product_brand","embeddable":true,"href":"https:\/\/lightup.lv\/en\/wp-json\/wp\/v2\/product_brand?post=32392"},{"taxonomy":"product_cat","embeddable":true,"href":"https:\/\/lightup.lv\/en\/wp-json\/wp\/v2\/product_cat?post=32392"},{"taxonomy":"product_tag","embeddable":true,"href":"https:\/\/lightup.lv\/en\/wp-json\/wp\/v2\/product_tag?post=32392"}],"curies":[{"name":"wp","href":"https:\/\/api.w.org\/{rel}","templated":true}]}}