{"id":33670,"date":"2024-06-28T12:26:13","date_gmt":"2024-06-28T10:26:13","guid":{"rendered":"https:\/\/lightup.lv\/?post_type=product&#038;p=33670"},"modified":"2025-12-01T15:56:36","modified_gmt":"2025-12-01T13:56:36","slug":"form-stavlampa","status":"publish","type":"product","link":"https:\/\/lightup.lv\/en\/product-catalog\/form-stavlampa\/","title":{"rendered":"FORM st\u0101vlampa"},"content":{"rendered":"<p>1 x max 15W led<br \/>\nSpuldze: E27<br \/>\nP: 330<br \/>\nA: 1650<br \/>\nD: 330<br \/>\nKr\u0101sa: B\u0113\u0161a<br \/>\nMaterial: Metal<\/p>\n<p>ID 1108A17<\/p>","protected":false},"excerpt":{"rendered":"<p>Aldex has over 40 years of experience in the production and sale of lighting. Modern technological equipment and following the latest trends are the brand&#039;s strengths.<\/p>","protected":false},"featured_media":33671,"template":"","meta":{"_acf_changed":false},"product_brand":[],"product_cat":[42,61],"product_tag":[214],"class_list":{"0":"post-33670","1":"product","2":"type-product","3":"status-publish","4":"has-post-thumbnail","6":"product_cat-apgaismojums","7":"product_cat-stavlampas","8":"product_tag-aldex","10":"first","11":"instock","12":"shipping-taxable","13":"purchasable","14":"product-type-simple"},"acf":[],"_links":{"self":[{"href":"https:\/\/lightup.lv\/en\/wp-json\/wp\/v2\/product\/33670","targetHints":{"allow":["GET"]}}],"collection":[{"href":"https:\/\/lightup.lv\/en\/wp-json\/wp\/v2\/product"}],"about":[{"href":"https:\/\/lightup.lv\/en\/wp-json\/wp\/v2\/types\/product"}],"wp:featuredmedia":[{"embeddable":true,"href":"https:\/\/lightup.lv\/en\/wp-json\/wp\/v2\/media\/33671"}],"wp:attachment":[{"href":"https:\/\/lightup.lv\/en\/wp-json\/wp\/v2\/media?parent=33670"}],"wp:term":[{"taxonomy":"product_brand","embeddable":true,"href":"https:\/\/lightup.lv\/en\/wp-json\/wp\/v2\/product_brand?post=33670"},{"taxonomy":"product_cat","embeddable":true,"href":"https:\/\/lightup.lv\/en\/wp-json\/wp\/v2\/product_cat?post=33670"},{"taxonomy":"product_tag","embeddable":true,"href":"https:\/\/lightup.lv\/en\/wp-json\/wp\/v2\/product_tag?post=33670"}],"curies":[{"name":"wp","href":"https:\/\/api.w.org\/{rel}","templated":true}]}}