{"id":33764,"date":"2024-07-01T09:47:23","date_gmt":"2024-07-01T07:47:23","guid":{"rendered":"https:\/\/lightup.lv\/?post_type=product&#038;p=33764"},"modified":"2025-03-06T17:17:32","modified_gmt":"2025-03-06T15:17:32","slug":"una-sienas-lampa","status":"publish","type":"product","link":"https:\/\/lightup.lv\/en\/product-catalog\/una-sienas-lampa\/","title":{"rendered":"UNA sienas lampa"},"content":{"rendered":"<p>1 x max 10W led<br \/>\nBulb: E14<br \/>\nP: 140<br \/>\nA: 970<br \/>\nD: 420<br \/>\nKr\u0101sa: Kora\u013c\u013cu<br \/>\nMaterial: Metal \/ Glass<\/p>\n<p>ID 1116C11<\/p>","protected":false},"excerpt":{"rendered":"<p>Aldex has over 40 years of experience in the production and sale of lighting. Modern technological equipment and following the latest trends are the brand&#039;s strengths.<\/p>","protected":false},"featured_media":33765,"template":"","meta":{"_acf_changed":false},"product_brand":[],"product_cat":[42,49],"product_tag":[214],"class_list":{"0":"post-33764","1":"product","2":"type-product","3":"status-publish","4":"has-post-thumbnail","6":"product_cat-apgaismojums","7":"product_cat-sienas-lampas","8":"product_tag-aldex","10":"first","11":"instock","12":"shipping-taxable","13":"purchasable","14":"product-type-simple"},"acf":[],"_links":{"self":[{"href":"https:\/\/lightup.lv\/en\/wp-json\/wp\/v2\/product\/33764","targetHints":{"allow":["GET"]}}],"collection":[{"href":"https:\/\/lightup.lv\/en\/wp-json\/wp\/v2\/product"}],"about":[{"href":"https:\/\/lightup.lv\/en\/wp-json\/wp\/v2\/types\/product"}],"wp:featuredmedia":[{"embeddable":true,"href":"https:\/\/lightup.lv\/en\/wp-json\/wp\/v2\/media\/33765"}],"wp:attachment":[{"href":"https:\/\/lightup.lv\/en\/wp-json\/wp\/v2\/media?parent=33764"}],"wp:term":[{"taxonomy":"product_brand","embeddable":true,"href":"https:\/\/lightup.lv\/en\/wp-json\/wp\/v2\/product_brand?post=33764"},{"taxonomy":"product_cat","embeddable":true,"href":"https:\/\/lightup.lv\/en\/wp-json\/wp\/v2\/product_cat?post=33764"},{"taxonomy":"product_tag","embeddable":true,"href":"https:\/\/lightup.lv\/en\/wp-json\/wp\/v2\/product_tag?post=33764"}],"curies":[{"name":"wp","href":"https:\/\/api.w.org\/{rel}","templated":true}]}}