{"id":34592,"date":"2024-07-18T12:57:50","date_gmt":"2024-07-18T10:57:50","guid":{"rendered":"https:\/\/lightup.lv\/?post_type=product&#038;p=34592"},"modified":"2025-12-01T15:23:02","modified_gmt":"2025-12-01T13:23:02","slug":"una-galda-lampa","status":"publish","type":"product","link":"https:\/\/lightup.lv\/en\/product-catalog\/una-galda-lampa\/","title":{"rendered":"UNA galda lampa"},"content":{"rendered":"<p>1 x max 10W led<br \/>\nBulb: E14<br \/>\nP: 200<br \/>\nA: 600<br \/>\nD: 350<br \/>\nKr\u0101sa: Kora\u013c\u013cu<br \/>\nMaterial: Metal \/ Glass<\/p>\n<p>ID 1116B11<\/p>","protected":false},"excerpt":{"rendered":"<p>Aldex has over 40 years of experience in the production and sale of lighting. Modern technological equipment and following the latest trends are the brand&#039;s strengths.<\/p>","protected":false},"featured_media":34593,"template":"","meta":{"_acf_changed":false},"product_brand":[],"product_cat":[42,56,213],"product_tag":[214],"class_list":{"0":"post-34592","1":"product","2":"type-product","3":"status-publish","4":"has-post-thumbnail","6":"product_cat-apgaismojums","7":"product_cat-galda-lampas","8":"product_cat-salona-pieejams","9":"product_tag-aldex","11":"first","12":"instock","13":"shipping-taxable","14":"purchasable","15":"product-type-simple"},"acf":[],"_links":{"self":[{"href":"https:\/\/lightup.lv\/en\/wp-json\/wp\/v2\/product\/34592","targetHints":{"allow":["GET"]}}],"collection":[{"href":"https:\/\/lightup.lv\/en\/wp-json\/wp\/v2\/product"}],"about":[{"href":"https:\/\/lightup.lv\/en\/wp-json\/wp\/v2\/types\/product"}],"wp:featuredmedia":[{"embeddable":true,"href":"https:\/\/lightup.lv\/en\/wp-json\/wp\/v2\/media\/34593"}],"wp:attachment":[{"href":"https:\/\/lightup.lv\/en\/wp-json\/wp\/v2\/media?parent=34592"}],"wp:term":[{"taxonomy":"product_brand","embeddable":true,"href":"https:\/\/lightup.lv\/en\/wp-json\/wp\/v2\/product_brand?post=34592"},{"taxonomy":"product_cat","embeddable":true,"href":"https:\/\/lightup.lv\/en\/wp-json\/wp\/v2\/product_cat?post=34592"},{"taxonomy":"product_tag","embeddable":true,"href":"https:\/\/lightup.lv\/en\/wp-json\/wp\/v2\/product_tag?post=34592"}],"curies":[{"name":"wp","href":"https:\/\/api.w.org\/{rel}","templated":true}]}}