{"id":34999,"date":"2024-09-06T14:59:21","date_gmt":"2024-09-06T12:59:21","guid":{"rendered":"https:\/\/lightup.lv\/?post_type=product&#038;p=34999"},"modified":"2025-05-30T13:15:09","modified_gmt":"2025-05-30T11:15:09","slug":"divans-duncan-gaisi-peleks","status":"publish","type":"product","link":"https:\/\/lightup.lv\/en\/product-catalog\/divans-duncan-gaisi-peleks\/","title":{"rendered":"D\u012bv\u0101ns Duncan, gai\u0161i pel\u0113ks"},"content":{"rendered":"<p>Platums: 258 cm<\/p>\n<p>Augstums: 78 cm<\/p>\n<p>Dzi\u013cums: 103 cm<\/p>\n<p>Materi\u0101ls: 100% poliesters<\/p>\n<p>Kr\u0101sa: Gai\u0161i pel\u0113ka<\/p>\n<p>ID 122030<\/p>","protected":false},"excerpt":{"rendered":"<p>Rowico Home pied\u0101v\u0101 m\u0113beles ar kvalitat\u012bvi izstr\u0101d\u0101tu un ilgtsp\u0113j\u012bgu skandin\u0101vu dizainu. Modernas preces m\u0101jai, kur\u0101 \u0123imene un draugi var sav\u0101 starp\u0101 socializ\u0113ties, padarot \u0113damistabas zonu par galveno kontaktpunktu. M\u0113beles paredz\u0113tas cilv\u0113kiem, kuri koncentr\u0113jas uz kvalit\u0101ti, nevis kvantit\u0101ti.<\/p>","protected":false},"featured_media":35880,"template":"","meta":{"_acf_changed":false},"product_brand":[],"product_cat":[15],"product_tag":[218],"class_list":{"0":"post-34999","1":"product","2":"type-product","3":"status-publish","4":"has-post-thumbnail","6":"product_cat-divani","7":"product_tag-rowico","9":"first","10":"instock","11":"shipping-taxable","12":"purchasable","13":"product-type-simple"},"acf":[],"_links":{"self":[{"href":"https:\/\/lightup.lv\/en\/wp-json\/wp\/v2\/product\/34999","targetHints":{"allow":["GET"]}}],"collection":[{"href":"https:\/\/lightup.lv\/en\/wp-json\/wp\/v2\/product"}],"about":[{"href":"https:\/\/lightup.lv\/en\/wp-json\/wp\/v2\/types\/product"}],"wp:featuredmedia":[{"embeddable":true,"href":"https:\/\/lightup.lv\/en\/wp-json\/wp\/v2\/media\/35880"}],"wp:attachment":[{"href":"https:\/\/lightup.lv\/en\/wp-json\/wp\/v2\/media?parent=34999"}],"wp:term":[{"taxonomy":"product_brand","embeddable":true,"href":"https:\/\/lightup.lv\/en\/wp-json\/wp\/v2\/product_brand?post=34999"},{"taxonomy":"product_cat","embeddable":true,"href":"https:\/\/lightup.lv\/en\/wp-json\/wp\/v2\/product_cat?post=34999"},{"taxonomy":"product_tag","embeddable":true,"href":"https:\/\/lightup.lv\/en\/wp-json\/wp\/v2\/product_tag?post=34999"}],"curies":[{"name":"wp","href":"https:\/\/api.w.org\/{rel}","templated":true}]}}