{"id":35014,"date":"2024-09-06T15:14:21","date_gmt":"2024-09-06T13:14:21","guid":{"rendered":"https:\/\/lightup.lv\/?post_type=product&#038;p=35014"},"modified":"2025-11-05T14:44:45","modified_gmt":"2025-11-05T12:44:45","slug":"divans-duncan-pa-labi-bess","status":"publish","type":"product","link":"https:\/\/lightup.lv\/en\/precu-katalogs\/divans-duncan-pa-labi-bess\/","title":{"rendered":"Sofa Duncan (right), beige"},"content":{"rendered":"<p>Width: 258 cm<\/p>\n<p>Height: 78 cm<\/p>\n<p>Dzi\u013cums: 150 cm<\/p>\n<p>Material: 100% polyester<\/p>\n<p>Kr\u0101sa: B\u0113\u0161a<\/p>\n<p>ID 122336<\/p>","protected":false},"excerpt":{"rendered":"<p>Rowico Home offers furniture with a quality design and sustainable Scandinavian design. Modern items for a home where family and friends can socialize with each other, making the dining area the main focal point. The furniture is designed for people who focus on quality, not quantity.<\/p>","protected":false},"featured_media":35015,"template":"","meta":{"_acf_changed":false},"product_brand":[],"product_cat":[15],"product_tag":[218],"class_list":{"0":"post-35014","1":"product","2":"type-product","3":"status-publish","4":"has-post-thumbnail","6":"product_cat-divani","7":"product_tag-rowico","9":"first","10":"instock","11":"shipping-taxable","12":"purchasable","13":"product-type-simple"},"acf":[],"_links":{"self":[{"href":"https:\/\/lightup.lv\/en\/wp-json\/wp\/v2\/product\/35014","targetHints":{"allow":["GET"]}}],"collection":[{"href":"https:\/\/lightup.lv\/en\/wp-json\/wp\/v2\/product"}],"about":[{"href":"https:\/\/lightup.lv\/en\/wp-json\/wp\/v2\/types\/product"}],"wp:featuredmedia":[{"embeddable":true,"href":"https:\/\/lightup.lv\/en\/wp-json\/wp\/v2\/media\/35015"}],"wp:attachment":[{"href":"https:\/\/lightup.lv\/en\/wp-json\/wp\/v2\/media?parent=35014"}],"wp:term":[{"taxonomy":"product_brand","embeddable":true,"href":"https:\/\/lightup.lv\/en\/wp-json\/wp\/v2\/product_brand?post=35014"},{"taxonomy":"product_cat","embeddable":true,"href":"https:\/\/lightup.lv\/en\/wp-json\/wp\/v2\/product_cat?post=35014"},{"taxonomy":"product_tag","embeddable":true,"href":"https:\/\/lightup.lv\/en\/wp-json\/wp\/v2\/product_tag?post=35014"}],"curies":[{"name":"wp","href":"https:\/\/api.w.org\/{rel}","templated":true}]}}