{"id":35028,"date":"2024-09-06T15:51:34","date_gmt":"2024-09-06T13:51:34","guid":{"rendered":"https:\/\/lightup.lv\/?post_type=product&#038;p=35028"},"modified":"2024-09-06T15:51:35","modified_gmt":"2024-09-06T13:51:35","slug":"divans-willard-pa-kreisi-bess","status":"publish","type":"product","link":"https:\/\/lightup.lv\/en\/product-catalog\/divans-willard-pa-kreisi-bess\/","title":{"rendered":"D\u012bv\u0101ns Willard (pa kreisi), b\u0113\u0161s"},"content":{"rendered":"<p>Platums: 234 cm<\/p>\n<p>Augstums: 70 cm<\/p>\n<p>Dzi\u013cums: 161 cm<\/p>\n<p>Materi\u0101ls: 100% polyester<\/p>\n<p>Kr\u0101sa: B\u0113\u0161a<\/p>\n<p>ID 121316<\/p>","protected":false},"excerpt":{"rendered":"<p>Rowico Home pied\u0101v\u0101 m\u0113beles ar kvalitat\u012bvi izstr\u0101d\u0101tu un ilgtsp\u0113j\u012bgu skandin\u0101vu dizainu. Modernas preces m\u0101jai, kur\u0101 \u0123imene un draugi var sav\u0101 starp\u0101 socializ\u0113ties, padarot \u0113damistabas zonu par galveno kontaktpunktu. M\u0113beles paredz\u0113tas cilv\u0113kiem, kuri koncentr\u0113jas uz kvalit\u0101ti, nevis kvantit\u0101ti.<\/p>","protected":false},"featured_media":35029,"template":"","meta":{"_acf_changed":false},"product_brand":[],"product_cat":[15],"product_tag":[218],"class_list":{"0":"post-35028","1":"product","2":"type-product","3":"status-publish","4":"has-post-thumbnail","6":"product_cat-divani","7":"product_tag-rowico","9":"first","10":"instock","11":"shipping-taxable","12":"purchasable","13":"product-type-simple"},"acf":[],"_links":{"self":[{"href":"https:\/\/lightup.lv\/en\/wp-json\/wp\/v2\/product\/35028","targetHints":{"allow":["GET"]}}],"collection":[{"href":"https:\/\/lightup.lv\/en\/wp-json\/wp\/v2\/product"}],"about":[{"href":"https:\/\/lightup.lv\/en\/wp-json\/wp\/v2\/types\/product"}],"wp:featuredmedia":[{"embeddable":true,"href":"https:\/\/lightup.lv\/en\/wp-json\/wp\/v2\/media\/35029"}],"wp:attachment":[{"href":"https:\/\/lightup.lv\/en\/wp-json\/wp\/v2\/media?parent=35028"}],"wp:term":[{"taxonomy":"product_brand","embeddable":true,"href":"https:\/\/lightup.lv\/en\/wp-json\/wp\/v2\/product_brand?post=35028"},{"taxonomy":"product_cat","embeddable":true,"href":"https:\/\/lightup.lv\/en\/wp-json\/wp\/v2\/product_cat?post=35028"},{"taxonomy":"product_tag","embeddable":true,"href":"https:\/\/lightup.lv\/en\/wp-json\/wp\/v2\/product_tag?post=35028"}],"curies":[{"name":"wp","href":"https:\/\/api.w.org\/{rel}","templated":true}]}}