{"id":35613,"date":"2025-05-09T13:28:54","date_gmt":"2025-05-09T11:28:54","guid":{"rendered":"https:\/\/lightup.lv\/?post_type=product&#038;p=35613"},"modified":"2025-05-10T12:47:57","modified_gmt":"2025-05-10T10:47:57","slug":"eichberg-kafijas-galdins","status":"publish","type":"product","link":"https:\/\/lightup.lv\/en\/precu-katalogs\/eichberg-kafijas-galdins\/","title":{"rendered":"Coffee table Eichberg"},"content":{"rendered":"<p id=\"tw-target-text\" class=\"tw-data-text tw-text-large tw-ta\" dir=\"ltr\" data-placeholder=\"Tulkojums\" data-ved=\"2ahUKEwibn4-iopaNAxVDSvEDHQa6HBMQ3ewLegQICRAV\" aria-label=\"Tulkotais teksts: Kafijas galdi\u0146am ir mas\u012bvkoka ozolkoka k\u0101jas, un t\u0101s ir izgatavotas no PLP16, p\u0101rkl\u0101tas ar ozola finieri. Produktam ir valriekstu apdare un tr\u012bs praktiski plaukti. izm\u0113ri 120x60x42 Apdare In\u017eeniertehniskais un mas\u012bvkoks\"><span class=\"Y2IQFc\" lang=\"lv\">Kafijas galdi\u0146a k\u0101jas veidotas no ozola mas\u012bvkoka. <\/span><span class=\"Y2IQFc\" lang=\"lv\">Galda virsma izgatavota no PLP16 pl\u0101tnes, kas p\u0101rkl\u0101ta ar ozola finieri. Produktam ir tr\u012bs praktiski plaukti. <\/span><\/p>\n<p>Izm\u0113rs: 120x60x42 cm<\/p>\n<p>ID Eichberg kafijas galdi\u0146\u0161<\/p>","protected":false},"excerpt":{"rendered":"<p>Kafijas galdi\u0146a k\u0101jas veidotas no ozola mas\u012bvkoka. Galda virsma izgatavota no PLP16 pl\u0101tnes, kas p\u0101rkl\u0101ta ar ozola finieri. Produktam ir tr\u012bs praktiski plaukti. Izm\u0113rs: 120x60x42 cm ID Eichberg kafijas galdi\u0146\u0161<\/p>","protected":false},"featured_media":35615,"template":"","meta":{"_acf_changed":false},"product_brand":[],"product_cat":[22,109],"product_tag":[],"class_list":{"0":"post-35613","1":"product","2":"type-product","3":"status-publish","4":"has-post-thumbnail","6":"product_cat-galdi","7":"product_cat-zurnalu-galdini-galdi","9":"first","10":"instock","11":"shipping-taxable","12":"purchasable","13":"product-type-simple"},"acf":[],"_links":{"self":[{"href":"https:\/\/lightup.lv\/en\/wp-json\/wp\/v2\/product\/35613","targetHints":{"allow":["GET"]}}],"collection":[{"href":"https:\/\/lightup.lv\/en\/wp-json\/wp\/v2\/product"}],"about":[{"href":"https:\/\/lightup.lv\/en\/wp-json\/wp\/v2\/types\/product"}],"wp:featuredmedia":[{"embeddable":true,"href":"https:\/\/lightup.lv\/en\/wp-json\/wp\/v2\/media\/35615"}],"wp:attachment":[{"href":"https:\/\/lightup.lv\/en\/wp-json\/wp\/v2\/media?parent=35613"}],"wp:term":[{"taxonomy":"product_brand","embeddable":true,"href":"https:\/\/lightup.lv\/en\/wp-json\/wp\/v2\/product_brand?post=35613"},{"taxonomy":"product_cat","embeddable":true,"href":"https:\/\/lightup.lv\/en\/wp-json\/wp\/v2\/product_cat?post=35613"},{"taxonomy":"product_tag","embeddable":true,"href":"https:\/\/lightup.lv\/en\/wp-json\/wp\/v2\/product_tag?post=35613"}],"curies":[{"name":"wp","href":"https:\/\/api.w.org\/{rel}","templated":true}]}}