{"id":35689,"date":"2025-05-13T10:43:32","date_gmt":"2025-05-13T08:43:32","guid":{"rendered":"https:\/\/lightup.lv\/?post_type=product&#038;p=35689"},"modified":"2025-05-13T10:45:18","modified_gmt":"2025-05-13T08:45:18","slug":"pusdienu-galds-maddock","status":"publish","type":"product","link":"https:\/\/lightup.lv\/en\/precu-katalogs\/pusdienu-galds-maddock\/","title":{"rendered":"Extendable dining table Maddock"},"content":{"rendered":"<div>\n<p id=\"tw-target-text\" class=\"tw-data-text tw-text-large tw-ta\" dir=\"ltr\" data-placeholder=\"Tulkojums\" data-ved=\"2ahUKEwibn4-iopaNAxVDSvEDHQa6HBMQ3ewLegQICRAV\" aria-label=\"Translated text: Top in MDF with oak veneer, edge in solid oak. Center foot panels with milled grooves in solid oak.\"><span class=\"Y2IQFc\" lang=\"lv\">Table top material: MDF with oak veneer.<\/span><\/p>\n<p class=\"tw-data-text tw-text-large tw-ta\" dir=\"ltr\" data-placeholder=\"Tulkojums\" data-ved=\"2ahUKEwibn4-iopaNAxVDSvEDHQa6HBMQ3ewLegQICRAV\" aria-label=\"Translated text: Top in MDF with oak veneer, edge in solid oak. Center foot panels with milled grooves in solid oak.\"><span class=\"Y2IQFc\" lang=\"lv\">Balsta k\u0101ju materi\u0101ls: Met\u0101ls<\/span><\/p>\n<\/div>\n<p class=\"col\">Garums: 135 cm<\/p>\n<p class=\"col\">Platums: 135 cm<\/p>\n<p class=\"col\">Height: 75 cm<\/p>\n<p class=\"col\">Galda vrismas biezums (cm): 3 cm<\/p>\n<p class=\"col\">ID 121126<\/p>","protected":false},"excerpt":{"rendered":"<p>Galda virsmas materi\u0101ls: MDF ar ozola finier\u0113jumu. Balsta k\u0101ju materi\u0101ls: Met\u0101ls Garums: 135 cm Platums: 135 cm Augstums: 75 cm Galda vrismas biezums (cm): 3 cm ID 121126<\/p>","protected":false},"featured_media":35690,"template":"","meta":{"_acf_changed":false},"product_brand":[],"product_cat":[22,23],"product_tag":[218],"class_list":{"0":"post-35689","1":"product","2":"type-product","3":"status-publish","4":"has-post-thumbnail","6":"product_cat-galdi","7":"product_cat-pusdienu-galdi","8":"product_tag-rowico","10":"first","11":"instock","12":"shipping-taxable","13":"purchasable","14":"product-type-simple"},"acf":[],"_links":{"self":[{"href":"https:\/\/lightup.lv\/en\/wp-json\/wp\/v2\/product\/35689","targetHints":{"allow":["GET"]}}],"collection":[{"href":"https:\/\/lightup.lv\/en\/wp-json\/wp\/v2\/product"}],"about":[{"href":"https:\/\/lightup.lv\/en\/wp-json\/wp\/v2\/types\/product"}],"wp:featuredmedia":[{"embeddable":true,"href":"https:\/\/lightup.lv\/en\/wp-json\/wp\/v2\/media\/35690"}],"wp:attachment":[{"href":"https:\/\/lightup.lv\/en\/wp-json\/wp\/v2\/media?parent=35689"}],"wp:term":[{"taxonomy":"product_brand","embeddable":true,"href":"https:\/\/lightup.lv\/en\/wp-json\/wp\/v2\/product_brand?post=35689"},{"taxonomy":"product_cat","embeddable":true,"href":"https:\/\/lightup.lv\/en\/wp-json\/wp\/v2\/product_cat?post=35689"},{"taxonomy":"product_tag","embeddable":true,"href":"https:\/\/lightup.lv\/en\/wp-json\/wp\/v2\/product_tag?post=35689"}],"curies":[{"name":"wp","href":"https:\/\/api.w.org\/{rel}","templated":true}]}}