{"id":35899,"date":"2025-05-30T16:24:30","date_gmt":"2025-05-30T14:24:30","guid":{"rendered":"https:\/\/lightup.lv\/?post_type=product&#038;p=35899"},"modified":"2025-05-31T10:38:00","modified_gmt":"2025-05-31T08:38:00","slug":"divans-norris-tumsi-bess","status":"publish","type":"product","link":"https:\/\/lightup.lv\/en\/precu-katalogs\/divans-norris-tumsi-bess\/","title":{"rendered":"Sofa Norris, dark beige"},"content":{"rendered":"<p>Platums: 319 cm<\/p>\n<p>Augstums: 80 cm<\/p>\n<p>Dzi\u013cums: 162 cm<\/p>\n<p>Material: 100% polyester<\/p>\n<p>Kr\u0101sa: Tum\u0161i b\u0113\u0161s<\/p>\n<p>ID124853<\/p>\n<div class=\"row\">\n<div class=\"col-md-12 mt-1 mb-3\">\n<div class=\"delivery-time\"><\/div>\n<\/div>\n<\/div>","protected":false},"excerpt":{"rendered":"<p>Rowico Home offers furniture with a quality design and sustainable Scandinavian design. Modern items for a home where family and friends can socialize with each other, making the dining area the main focal point. The furniture is designed for people who focus on quality, not quantity.<\/p>","protected":false},"featured_media":35900,"template":"","meta":{"_acf_changed":false},"product_brand":[],"product_cat":[15],"product_tag":[218],"class_list":{"0":"post-35899","1":"product","2":"type-product","3":"status-publish","4":"has-post-thumbnail","6":"product_cat-divani","7":"product_tag-rowico","9":"first","10":"instock","11":"shipping-taxable","12":"purchasable","13":"product-type-simple"},"acf":[],"_links":{"self":[{"href":"https:\/\/lightup.lv\/en\/wp-json\/wp\/v2\/product\/35899","targetHints":{"allow":["GET"]}}],"collection":[{"href":"https:\/\/lightup.lv\/en\/wp-json\/wp\/v2\/product"}],"about":[{"href":"https:\/\/lightup.lv\/en\/wp-json\/wp\/v2\/types\/product"}],"wp:featuredmedia":[{"embeddable":true,"href":"https:\/\/lightup.lv\/en\/wp-json\/wp\/v2\/media\/35900"}],"wp:attachment":[{"href":"https:\/\/lightup.lv\/en\/wp-json\/wp\/v2\/media?parent=35899"}],"wp:term":[{"taxonomy":"product_brand","embeddable":true,"href":"https:\/\/lightup.lv\/en\/wp-json\/wp\/v2\/product_brand?post=35899"},{"taxonomy":"product_cat","embeddable":true,"href":"https:\/\/lightup.lv\/en\/wp-json\/wp\/v2\/product_cat?post=35899"},{"taxonomy":"product_tag","embeddable":true,"href":"https:\/\/lightup.lv\/en\/wp-json\/wp\/v2\/product_tag?post=35899"}],"curies":[{"name":"wp","href":"https:\/\/api.w.org\/{rel}","templated":true}]}}