{"id":36348,"date":"2025-07-25T14:06:08","date_gmt":"2025-07-25T12:06:08","guid":{"rendered":"https:\/\/lightup.lv\/?post_type=product&#038;p=36348"},"modified":"2025-11-11T11:07:40","modified_gmt":"2025-11-11T09:07:40","slug":"kresls-aole-bruns","status":"publish","type":"product","link":"https:\/\/lightup.lv\/en\/precu-katalogs\/kresls-aole-bruns\/","title":{"rendered":"Chair AOLE brown"},"content":{"rendered":"<p>Kr\u0113sla augstums: 86.5 cm<br \/>\nChair width: 57 cm<br \/>\nKr\u0113sla dzi\u013cums: 60.5 cm<br \/>\nSeat height: 49.5 cm<br \/>\nColor: Brown<br \/>\nMaterial: Fabric<br \/>\nStackable: No<\/p>\n<p>ID 100107100<\/p>","protected":false},"excerpt":{"rendered":"<p>AOLE apvieno skandin\u0101vu dizaina principus ar starptautisku pieeju. T\u0101 skulptur\u0101l\u0101 forma ir eleganti polster\u0113ta no aug\u0161as l\u012bdz apak\u0161ai, radot izsmalcin\u0101tu vizu\u0101lo t\u0113lu un augstu komforta l\u012bmeni.<\/p>","protected":false},"featured_media":36349,"template":"","meta":{"_acf_changed":false},"product_brand":[],"product_cat":[28,119,38],"product_tag":[37],"class_list":{"0":"post-36348","1":"product","2":"type-product","3":"status-publish","4":"has-post-thumbnail","6":"product_cat-kresli","7":"product_cat-atputas-kresli-kresli","8":"product_cat-kresli-pie-galda","9":"product_tag-dan-form","11":"first","12":"instock","13":"shipping-taxable","14":"purchasable","15":"product-type-simple"},"acf":[],"_links":{"self":[{"href":"https:\/\/lightup.lv\/en\/wp-json\/wp\/v2\/product\/36348","targetHints":{"allow":["GET"]}}],"collection":[{"href":"https:\/\/lightup.lv\/en\/wp-json\/wp\/v2\/product"}],"about":[{"href":"https:\/\/lightup.lv\/en\/wp-json\/wp\/v2\/types\/product"}],"wp:featuredmedia":[{"embeddable":true,"href":"https:\/\/lightup.lv\/en\/wp-json\/wp\/v2\/media\/36349"}],"wp:attachment":[{"href":"https:\/\/lightup.lv\/en\/wp-json\/wp\/v2\/media?parent=36348"}],"wp:term":[{"taxonomy":"product_brand","embeddable":true,"href":"https:\/\/lightup.lv\/en\/wp-json\/wp\/v2\/product_brand?post=36348"},{"taxonomy":"product_cat","embeddable":true,"href":"https:\/\/lightup.lv\/en\/wp-json\/wp\/v2\/product_cat?post=36348"},{"taxonomy":"product_tag","embeddable":true,"href":"https:\/\/lightup.lv\/en\/wp-json\/wp\/v2\/product_tag?post=36348"}],"curies":[{"name":"wp","href":"https:\/\/api.w.org\/{rel}","templated":true}]}}