{"id":36544,"date":"2025-07-26T12:05:04","date_gmt":"2025-07-26T10:05:04","guid":{"rendered":"https:\/\/lightup.lv\/?post_type=product&#038;p=36544"},"modified":"2025-09-17T10:08:54","modified_gmt":"2025-09-17T08:08:54","slug":"kresls-reboot-olivzals","status":"publish","type":"product","link":"https:\/\/lightup.lv\/en\/precu-katalogs\/kresls-reboot-olivzals\/","title":{"rendered":"Chair REBOOT olive green"},"content":{"rendered":"<p>Chair height: 78.5 cm<br \/>\nChair width: 57.5 cm<br \/>\nChair depth: 55 cm<br \/>\nSeat height: 47 cm<br \/>\nKr\u0101sa: Ol\u012bvza\u013ca<br \/>\nMaterial: Fabric<br \/>\nStackable: No<\/p>\n<p>ID 100107303<\/p>","protected":false},"excerpt":{"rendered":"<p>The REBOOT lounge chair is a contemporary interpretation of a classic silhouette. The thin, graceful legs seamlessly transition into the backrest and armrests, creating a light and harmonious overall look with thoughtful functionality.<\/p>","protected":false},"featured_media":36545,"template":"","meta":{"_acf_changed":false},"product_brand":[],"product_cat":[28,119,38],"product_tag":[37],"class_list":{"0":"post-36544","1":"product","2":"type-product","3":"status-publish","4":"has-post-thumbnail","6":"product_cat-kresli","7":"product_cat-atputas-kresli-kresli","8":"product_cat-kresli-pie-galda","9":"product_tag-dan-form","11":"first","12":"instock","13":"shipping-taxable","14":"purchasable","15":"product-type-simple"},"acf":[],"_links":{"self":[{"href":"https:\/\/lightup.lv\/en\/wp-json\/wp\/v2\/product\/36544","targetHints":{"allow":["GET"]}}],"collection":[{"href":"https:\/\/lightup.lv\/en\/wp-json\/wp\/v2\/product"}],"about":[{"href":"https:\/\/lightup.lv\/en\/wp-json\/wp\/v2\/types\/product"}],"wp:featuredmedia":[{"embeddable":true,"href":"https:\/\/lightup.lv\/en\/wp-json\/wp\/v2\/media\/36545"}],"wp:attachment":[{"href":"https:\/\/lightup.lv\/en\/wp-json\/wp\/v2\/media?parent=36544"}],"wp:term":[{"taxonomy":"product_brand","embeddable":true,"href":"https:\/\/lightup.lv\/en\/wp-json\/wp\/v2\/product_brand?post=36544"},{"taxonomy":"product_cat","embeddable":true,"href":"https:\/\/lightup.lv\/en\/wp-json\/wp\/v2\/product_cat?post=36544"},{"taxonomy":"product_tag","embeddable":true,"href":"https:\/\/lightup.lv\/en\/wp-json\/wp\/v2\/product_tag?post=36544"}],"curies":[{"name":"wp","href":"https:\/\/api.w.org\/{rel}","templated":true}]}}