{"id":37009,"date":"2025-09-20T12:28:07","date_gmt":"2025-09-20T10:28:07","guid":{"rendered":"https:\/\/lightup.lv\/?post_type=product&#038;p=37009"},"modified":"2025-09-20T13:54:54","modified_gmt":"2025-09-20T11:54:54","slug":"kresls-heap-bruns","status":"publish","type":"product","link":"https:\/\/lightup.lv\/en\/precu-katalogs\/kresls-heap-bruns\/","title":{"rendered":"Chair HEAP, brown"},"content":{"rendered":"<p>Kr\u0113sla augstums: 81,5 cm<br \/>\nChair width: 53 cm<br \/>\nKr\u0113sla dzi\u013cums: 58,5 cm<br \/>\nS\u0113des augstums: 46.5 cm<br \/>\nKr\u0101sa: B<span class=\"Y2IQFc\" lang=\"lv\">r\u016bna<\/span><br \/>\nMateri\u0101ls: B<span class=\"Y2IQFc\" lang=\"lv\">ukl\u0113 audums, met\u0101la k\u0101jas<\/span><br \/>\nSakraujams viens uz otra: J\u0101<\/p>\n<p>ID 100801210<\/p>","protected":false},"excerpt":{"rendered":"<p>Kr\u0113sla HEAP dizains iemieso vidusgadsimta principus \u2013 vienk\u0101r\u0161s, ta\u010du iespaid\u012bgs. S\u0113deklim ir gludi, noapa\u013coti st\u016bri un viegla &#8220;hourglass&#8221; forma. Rakstur\u012bg\u0101s plakan\u0101s met\u0101la k\u0101jas \u013cauj kr\u0113slus \u0113rti sakraut vienu uz otra l\u012bdz pat 4 gabaliem.<\/p>","protected":false},"featured_media":37010,"template":"","meta":{"_acf_changed":false},"product_brand":[],"product_cat":[28,38,213],"product_tag":[37],"class_list":{"0":"post-37009","1":"product","2":"type-product","3":"status-publish","4":"has-post-thumbnail","6":"product_cat-kresli","7":"product_cat-kresli-pie-galda","8":"product_cat-salona-pieejams","9":"product_tag-dan-form","11":"first","12":"instock","13":"shipping-taxable","14":"purchasable","15":"product-type-simple"},"acf":[],"_links":{"self":[{"href":"https:\/\/lightup.lv\/en\/wp-json\/wp\/v2\/product\/37009","targetHints":{"allow":["GET"]}}],"collection":[{"href":"https:\/\/lightup.lv\/en\/wp-json\/wp\/v2\/product"}],"about":[{"href":"https:\/\/lightup.lv\/en\/wp-json\/wp\/v2\/types\/product"}],"wp:featuredmedia":[{"embeddable":true,"href":"https:\/\/lightup.lv\/en\/wp-json\/wp\/v2\/media\/37010"}],"wp:attachment":[{"href":"https:\/\/lightup.lv\/en\/wp-json\/wp\/v2\/media?parent=37009"}],"wp:term":[{"taxonomy":"product_brand","embeddable":true,"href":"https:\/\/lightup.lv\/en\/wp-json\/wp\/v2\/product_brand?post=37009"},{"taxonomy":"product_cat","embeddable":true,"href":"https:\/\/lightup.lv\/en\/wp-json\/wp\/v2\/product_cat?post=37009"},{"taxonomy":"product_tag","embeddable":true,"href":"https:\/\/lightup.lv\/en\/wp-json\/wp\/v2\/product_tag?post=37009"}],"curies":[{"name":"wp","href":"https:\/\/api.w.org\/{rel}","templated":true}]}}