{"id":37119,"date":"2025-10-04T11:48:46","date_gmt":"2025-10-04T09:48:46","guid":{"rendered":"https:\/\/lightup.lv\/?post_type=product&#038;p=37119"},"modified":"2025-10-04T11:48:47","modified_gmt":"2025-10-04T09:48:47","slug":"micro-magnetisko-sliezu-prozektors-10w-on-off","status":"publish","type":"product","link":"https:\/\/lightup.lv\/en\/product-catalog\/micro-magnetisko-sliezu-prozektors-10w-on-off\/","title":{"rendered":"MICRO magn\u0113tisko slie\u017eu pro\u017eektors, 10W ON\/OFF"},"content":{"rendered":"<p>LED 10W, 3000K, 36\u00b0, 713lm<br \/>\n\u00d8: 40 mm<br \/>\nH: 100 mm<br \/>\nColor: Black<br \/>\nON\/OFF<br \/>\n! Pieejama ar\u012b ZIGBEE versija \u2013 iesp\u0113jams dimm\u0113t un regul\u0113t gaismas temperat\u016bru<\/p>\n<p>ID N0002N<\/p>","protected":false},"excerpt":{"rendered":"<p>Maxlight is a company with over ten years of experience in providing lighting that surprises and inspires with bold designs and endless layout options, offering luminaires in various styles that will fit into any design.<\/p>","protected":false},"featured_media":37120,"template":"","meta":{"_acf_changed":false},"product_brand":[],"product_cat":[42,217,213],"product_tag":[44],"class_list":{"0":"post-37119","1":"product","2":"type-product","3":"status-publish","4":"has-post-thumbnail","6":"product_cat-apgaismojums","7":"product_cat-magnetiskas-sliezu-sistemas-on-off","8":"product_cat-salona-pieejams","9":"product_tag-maxlight","11":"first","12":"instock","13":"shipping-taxable","14":"purchasable","15":"product-type-simple"},"acf":[],"_links":{"self":[{"href":"https:\/\/lightup.lv\/en\/wp-json\/wp\/v2\/product\/37119","targetHints":{"allow":["GET"]}}],"collection":[{"href":"https:\/\/lightup.lv\/en\/wp-json\/wp\/v2\/product"}],"about":[{"href":"https:\/\/lightup.lv\/en\/wp-json\/wp\/v2\/types\/product"}],"wp:featuredmedia":[{"embeddable":true,"href":"https:\/\/lightup.lv\/en\/wp-json\/wp\/v2\/media\/37120"}],"wp:attachment":[{"href":"https:\/\/lightup.lv\/en\/wp-json\/wp\/v2\/media?parent=37119"}],"wp:term":[{"taxonomy":"product_brand","embeddable":true,"href":"https:\/\/lightup.lv\/en\/wp-json\/wp\/v2\/product_brand?post=37119"},{"taxonomy":"product_cat","embeddable":true,"href":"https:\/\/lightup.lv\/en\/wp-json\/wp\/v2\/product_cat?post=37119"},{"taxonomy":"product_tag","embeddable":true,"href":"https:\/\/lightup.lv\/en\/wp-json\/wp\/v2\/product_tag?post=37119"}],"curies":[{"name":"wp","href":"https:\/\/api.w.org\/{rel}","templated":true}]}}