{"id":37245,"date":"2026-01-26T16:13:05","date_gmt":"2026-01-26T14:13:05","guid":{"rendered":"https:\/\/lightup.lv\/?post_type=product&#038;p=37245"},"modified":"2026-01-26T16:34:45","modified_gmt":"2026-01-26T14:34:45","slug":"iekarinama-lampa-jo-jo-modern","status":"publish","type":"product","link":"https:\/\/lightup.lv\/en\/product-catalog\/iekarinama-lampa-jo-jo-modern\/","title":{"rendered":"Iekarin\u0101ma lampa Jo-Jo Modern, pel\u0113ka"},"content":{"rendered":"<p>LED 40W, 3845LM, 2700-5500K, IP20, Dimm\u0113jama<br \/>\n<span dir=\"auto\">Izm\u0113ri: G: 1240<\/span><span dir=\"auto\">,<\/span><span dir=\"auto\"> H: 1950 mm<\/span><br \/>\nKr\u0101sa: Melna+pel\u0113ka<br \/>\nMaterial: Metal<\/p>\n<p>ID P0597<\/p>","protected":false},"excerpt":{"rendered":"<p>Maxlight is a company with over ten years of experience in providing lighting that surprises and inspires with bold designs and endless layout options, offering luminaires in various styles that will fit into any design.<\/p>","protected":false},"featured_media":37246,"template":"","meta":{"_acf_changed":false},"product_brand":[],"product_cat":[42,43,213],"product_tag":[44],"class_list":{"0":"post-37245","1":"product","2":"type-product","3":"status-publish","4":"has-post-thumbnail","6":"product_cat-apgaismojums","7":"product_cat-piekaramas-lampas","8":"product_cat-salona-pieejams","9":"product_tag-maxlight","11":"first","12":"instock","13":"shipping-taxable","14":"purchasable","15":"product-type-simple"},"acf":[],"_links":{"self":[{"href":"https:\/\/lightup.lv\/en\/wp-json\/wp\/v2\/product\/37245","targetHints":{"allow":["GET"]}}],"collection":[{"href":"https:\/\/lightup.lv\/en\/wp-json\/wp\/v2\/product"}],"about":[{"href":"https:\/\/lightup.lv\/en\/wp-json\/wp\/v2\/types\/product"}],"wp:featuredmedia":[{"embeddable":true,"href":"https:\/\/lightup.lv\/en\/wp-json\/wp\/v2\/media\/37246"}],"wp:attachment":[{"href":"https:\/\/lightup.lv\/en\/wp-json\/wp\/v2\/media?parent=37245"}],"wp:term":[{"taxonomy":"product_brand","embeddable":true,"href":"https:\/\/lightup.lv\/en\/wp-json\/wp\/v2\/product_brand?post=37245"},{"taxonomy":"product_cat","embeddable":true,"href":"https:\/\/lightup.lv\/en\/wp-json\/wp\/v2\/product_cat?post=37245"},{"taxonomy":"product_tag","embeddable":true,"href":"https:\/\/lightup.lv\/en\/wp-json\/wp\/v2\/product_tag?post=37245"}],"curies":[{"name":"wp","href":"https:\/\/api.w.org\/{rel}","templated":true}]}}