{"id":37403,"date":"2026-03-13T14:39:08","date_gmt":"2026-03-13T12:39:08","guid":{"rendered":"https:\/\/lightup.lv\/?post_type=product&#038;p=37403"},"modified":"2026-03-13T14:43:47","modified_gmt":"2026-03-13T12:43:47","slug":"kresls-buckle-tumsi-peleks","status":"publish","type":"product","link":"https:\/\/lightup.lv\/en\/product-catalog\/kresls-buckle-tumsi-peleks\/","title":{"rendered":"Kr\u0113sls BUCKLE, tum\u0161i pel\u0113ks"},"content":{"rendered":"<p>Kr\u0113sla augstums: 82,5 cm<br \/>\nChair width: 57 cm<br \/>\nKr\u0113sla dzi\u013cums: 58,5 cm<br \/>\nS\u0113des augstums: 47.5 cm<br \/>\nKr\u0101sa: Tum\u0161i pel\u0113ka<br \/>\nMateri\u0101ls: B<span class=\"Y2IQFc\" lang=\"lv\">ukl\u0113 audums, ozola mas\u012bvkoks un finieris<\/span><br \/>\n<em><span class=\"Y2IQFc\" lang=\"lv\">(Pebble grey boucl\u00e9 fabric)<\/span><\/em><br \/>\nStackable: No<\/p>\n<p>ID 100300100<\/p>","protected":false},"excerpt":{"rendered":"<p>The futuristically elegant BUCKLE chair features a molded wood backrest that creates a feeling of lightness and airiness. Solid wood legs complement the sophisticated design, making it visually appealing and special.<\/p>","protected":false},"featured_media":37404,"template":"","meta":{"_acf_changed":false},"product_brand":[],"product_cat":[28,38],"product_tag":[37],"class_list":{"0":"post-37403","1":"product","2":"type-product","3":"status-publish","4":"has-post-thumbnail","6":"product_cat-kresli","7":"product_cat-kresli-pie-galda","8":"product_tag-dan-form","10":"first","11":"instock","12":"shipping-taxable","13":"purchasable","14":"product-type-simple"},"acf":[],"_links":{"self":[{"href":"https:\/\/lightup.lv\/en\/wp-json\/wp\/v2\/product\/37403","targetHints":{"allow":["GET"]}}],"collection":[{"href":"https:\/\/lightup.lv\/en\/wp-json\/wp\/v2\/product"}],"about":[{"href":"https:\/\/lightup.lv\/en\/wp-json\/wp\/v2\/types\/product"}],"wp:featuredmedia":[{"embeddable":true,"href":"https:\/\/lightup.lv\/en\/wp-json\/wp\/v2\/media\/37404"}],"wp:attachment":[{"href":"https:\/\/lightup.lv\/en\/wp-json\/wp\/v2\/media?parent=37403"}],"wp:term":[{"taxonomy":"product_brand","embeddable":true,"href":"https:\/\/lightup.lv\/en\/wp-json\/wp\/v2\/product_brand?post=37403"},{"taxonomy":"product_cat","embeddable":true,"href":"https:\/\/lightup.lv\/en\/wp-json\/wp\/v2\/product_cat?post=37403"},{"taxonomy":"product_tag","embeddable":true,"href":"https:\/\/lightup.lv\/en\/wp-json\/wp\/v2\/product_tag?post=37403"}],"curies":[{"name":"wp","href":"https:\/\/api.w.org\/{rel}","templated":true}]}}