{"id":3790,"date":"2020-05-02T17:25:21","date_gmt":"2020-05-02T17:25:21","guid":{"rendered":"https:\/\/lightup.lv\/product\/stura-divans-ar-spilvenu-soho\/"},"modified":"2024-01-18T11:58:27","modified_gmt":"2024-01-18T11:58:27","slug":"stura-divans-ar-spilvenu-soho","status":"publish","type":"product","link":"https:\/\/lightup.lv\/en\/product-catalog\/stura-divans-ar-spilvenu-soho\/","title":{"rendered":"St\u016bra d\u012bv\u0101ns ar spilvenu Soho"},"content":{"rendered":"<p>Color: gray<br \/>\nGarums: 79 cm<br \/>\nPlatums: 79 cm<br \/>\nAugstums: 90 cm<br \/>\nS\u0113des augtums: 50 cm<br \/>\nPel\u0113ks st\u016bra d\u012bv\u0101ns ar spilvenu Soho<\/p>\n<p> ID 2315S-76-76<\/p>","protected":false},"excerpt":{"rendered":"<p>Soho &#8211; s\u0113rija ar apdares izm\u0113riem, kas der\u0113s maziem laukumiem. Tam ir \u0113rts pusdienu grupas augstums ar 69 cm augstiem galdiem un s\u0113dek\u013ca augstums 50 cm uz d\u012bv\u0101na, atzveltnes kr\u0113sla un d\u012bv\u0101na modu\u013ciem. R\u0101mis ir izgatavots no alum\u012bnija ar p\u012bt\u0101m sint\u0113tisk\u0101m kl\u016bg\u0101m, olef\u012bna spilveniem ar augstu kr\u0101su notur\u012bbu un augsta bl\u012bvuma put\u0101m.<\/p>","protected":false},"featured_media":3791,"template":"","meta":{"_acf_changed":false},"product_brand":[],"product_cat":[73,51,50],"product_tag":[],"class_list":{"0":"post-3790","1":"product","2":"type-product","3":"status-publish","4":"has-post-thumbnail","6":"product_cat-divani-terases","7":"product_cat-kresli-terases-mebeles","8":"product_cat-terases-mebeles","10":"first","11":"instock","12":"shipping-taxable","13":"purchasable","14":"product-type-simple"},"acf":[],"_links":{"self":[{"href":"https:\/\/lightup.lv\/en\/wp-json\/wp\/v2\/product\/3790","targetHints":{"allow":["GET"]}}],"collection":[{"href":"https:\/\/lightup.lv\/en\/wp-json\/wp\/v2\/product"}],"about":[{"href":"https:\/\/lightup.lv\/en\/wp-json\/wp\/v2\/types\/product"}],"wp:featuredmedia":[{"embeddable":true,"href":"https:\/\/lightup.lv\/en\/wp-json\/wp\/v2\/media\/3791"}],"wp:attachment":[{"href":"https:\/\/lightup.lv\/en\/wp-json\/wp\/v2\/media?parent=3790"}],"wp:term":[{"taxonomy":"product_brand","embeddable":true,"href":"https:\/\/lightup.lv\/en\/wp-json\/wp\/v2\/product_brand?post=3790"},{"taxonomy":"product_cat","embeddable":true,"href":"https:\/\/lightup.lv\/en\/wp-json\/wp\/v2\/product_cat?post=3790"},{"taxonomy":"product_tag","embeddable":true,"href":"https:\/\/lightup.lv\/en\/wp-json\/wp\/v2\/product_tag?post=3790"}],"curies":[{"name":"wp","href":"https:\/\/api.w.org\/{rel}","templated":true}]}}