{"id":38197,"date":"2026-04-11T11:37:31","date_gmt":"2026-04-11T09:37:31","guid":{"rendered":"https:\/\/lightup.lv\/?post_type=product&#038;p=38197"},"modified":"2026-04-11T11:39:01","modified_gmt":"2026-04-11T09:39:01","slug":"kresls-hug","status":"publish","type":"product","link":"https:\/\/lightup.lv\/en\/product-catalog\/kresls-hug\/","title":{"rendered":"Kr\u0113sls HUG"},"content":{"rendered":"<p>Chair height: 80 cm<br \/>\nChair width: 47 cm<br \/>\nChair depth: 54 cm<br \/>\nS\u0113des augstums: 44 cm<br \/>\n<span class=\"HwtZe\" lang=\"lv\"><span class=\"jCAhz JxVs2d ChMk0b\"><span class=\"ryNqvb\">Materi\u0101ls: Tehnopolim\u0113rs<\/span><\/span><\/span><br \/>\n<span class=\"HwtZe\" lang=\"lv\"><span class=\"jCAhz JxVs2d ChMk0b\"><span class=\"ryNqvb\">Kr\u0101sa: Sinepju dzeltens (22)<\/span><\/span><\/span><br \/>\n<span class=\"HwtZe\" lang=\"lv\"><span class=\"jCAhz JxVs2d ChMk0b\"><span class=\"ryNqvb\">Lieto\u0161ana: Iek\u0161telp\u0101s\/\u0101r\u0101<\/span><\/span><\/span><br \/>\nSakraujams viens uz otra: max 8 gab.<\/p>\n<p>ID 2380<\/p>","protected":false},"excerpt":{"rendered":"<p>S\u2022CAB ir\u00a0 it\u0101\u013cu z\u012bmols, kura fokuss ir augstv\u0113rt\u012bgu un ilgtsp\u0113j\u012bgu dizaina m\u0113be\u013cu ra\u017eo\u0161ana gan iek\u0161telp\u0101m, gan \u0101ra zon\u0101m. Apvienojot inovat\u012bvus materi\u0101lus ar &#8220;Made in Italy&#8221; amatniec\u012bbas trad\u012bcij\u0101m, uz\u0146\u0113mums rada funkcion\u0101lus kr\u0113slus un galdus, kas ir starptautiski atz\u012bti arhitekt\u016bras un interjera dizaina pasaul\u0113. T\u0101 ir izsmalcin\u0101ta est\u0113tika, kas nodro\u0161ina maksim\u0101lu komfortu un it\u0101\u013cu eleganci gan m\u0101jok\u013cos, gan sabiedrisk\u0101s telp\u0101s.<\/p>","protected":false},"featured_media":38211,"template":"","meta":{"_acf_changed":false},"product_brand":[],"product_cat":[50,51,213],"product_tag":[215],"class_list":{"0":"post-38197","1":"product","2":"type-product","3":"status-publish","4":"has-post-thumbnail","6":"product_cat-terases-mebeles","7":"product_cat-kresli-terases-mebeles","8":"product_cat-salona-pieejams","9":"product_tag-scab","11":"first","12":"instock","13":"shipping-taxable","14":"purchasable","15":"product-type-simple"},"acf":[],"_links":{"self":[{"href":"https:\/\/lightup.lv\/en\/wp-json\/wp\/v2\/product\/38197","targetHints":{"allow":["GET"]}}],"collection":[{"href":"https:\/\/lightup.lv\/en\/wp-json\/wp\/v2\/product"}],"about":[{"href":"https:\/\/lightup.lv\/en\/wp-json\/wp\/v2\/types\/product"}],"wp:featuredmedia":[{"embeddable":true,"href":"https:\/\/lightup.lv\/en\/wp-json\/wp\/v2\/media\/38211"}],"wp:attachment":[{"href":"https:\/\/lightup.lv\/en\/wp-json\/wp\/v2\/media?parent=38197"}],"wp:term":[{"taxonomy":"product_brand","embeddable":true,"href":"https:\/\/lightup.lv\/en\/wp-json\/wp\/v2\/product_brand?post=38197"},{"taxonomy":"product_cat","embeddable":true,"href":"https:\/\/lightup.lv\/en\/wp-json\/wp\/v2\/product_cat?post=38197"},{"taxonomy":"product_tag","embeddable":true,"href":"https:\/\/lightup.lv\/en\/wp-json\/wp\/v2\/product_tag?post=38197"}],"curies":[{"name":"wp","href":"https:\/\/api.w.org\/{rel}","templated":true}]}}