{"id":38273,"date":"2026-05-07T10:18:51","date_gmt":"2026-05-07T08:18:51","guid":{"rendered":"https:\/\/lightup.lv\/?post_type=product&#038;p=38273"},"modified":"2026-05-07T10:18:52","modified_gmt":"2026-05-07T08:18:52","slug":"iebuvejama-lampa-lamont-ip65-melna","status":"publish","type":"product","link":"https:\/\/lightup.lv\/en\/precu-katalogs\/iebuvejama-lampa-lamont-ip65-melna\/","title":{"rendered":"Ieb\u016bv\u0113jama lampa LAMONT IP65, melna"},"content":{"rendered":"<p class=\"letter-15\">LED 6.5W 650lm, 3000K, DIM <strong>IP65<\/strong><br \/>\n<span dir=\"auto\">\u00d8: 82, H: 38 mm<\/span><br \/>\nColor: Black<\/p>\n<p>ID 635310132<\/p>","protected":false},"excerpt":{"rendered":"<p>TRIO LIGHTING ir v\u0101cu apgaismojuma ra\u017eot\u0101js. Uz\u0146\u0113mums specializ\u0113jas dekorat\u012bv\u0101 un funkcion\u0101l\u0101 apgaismojum\u0101 &#8211; griestu, sienas, piekaramaj\u0101s, \u0101ra un LED lamp\u0101s gan m\u0101j\u0101m, gan komerctelp\u0101m. TRIO produkcija ir paz\u012bstama ar modernu dizainu, energoefektivit\u0101ti un pla\u0161u sortimentu.<\/p>","protected":false},"featured_media":38274,"template":"","meta":{"_acf_changed":false},"product_brand":[],"product_cat":[42,86],"product_tag":[234],"class_list":{"0":"post-38273","1":"product","2":"type-product","3":"status-publish","4":"has-post-thumbnail","6":"product_cat-apgaismojums","7":"product_cat-iebuvejamais-apgaismojums","8":"product_tag-trio-lighting","10":"first","11":"instock","12":"shipping-taxable","13":"purchasable","14":"product-type-simple"},"acf":[],"_links":{"self":[{"href":"https:\/\/lightup.lv\/en\/wp-json\/wp\/v2\/product\/38273","targetHints":{"allow":["GET"]}}],"collection":[{"href":"https:\/\/lightup.lv\/en\/wp-json\/wp\/v2\/product"}],"about":[{"href":"https:\/\/lightup.lv\/en\/wp-json\/wp\/v2\/types\/product"}],"wp:featuredmedia":[{"embeddable":true,"href":"https:\/\/lightup.lv\/en\/wp-json\/wp\/v2\/media\/38274"}],"wp:attachment":[{"href":"https:\/\/lightup.lv\/en\/wp-json\/wp\/v2\/media?parent=38273"}],"wp:term":[{"taxonomy":"product_brand","embeddable":true,"href":"https:\/\/lightup.lv\/en\/wp-json\/wp\/v2\/product_brand?post=38273"},{"taxonomy":"product_cat","embeddable":true,"href":"https:\/\/lightup.lv\/en\/wp-json\/wp\/v2\/product_cat?post=38273"},{"taxonomy":"product_tag","embeddable":true,"href":"https:\/\/lightup.lv\/en\/wp-json\/wp\/v2\/product_tag?post=38273"}],"curies":[{"name":"wp","href":"https:\/\/api.w.org\/{rel}","templated":true}]}}