{"id":4164,"date":"2020-05-27T16:59:16","date_gmt":"2020-05-27T16:59:16","guid":{"rendered":"https:\/\/lightup.lv\/product\/kresls-ar-roku-balstiem-kenton\/"},"modified":"2024-01-29T08:06:08","modified_gmt":"2024-01-29T08:06:08","slug":"kresls-ar-roku-balstiem-kenton","status":"publish","type":"product","link":"https:\/\/lightup.lv\/en\/product-catalog\/kresls-ar-roku-balstiem-kenton\/","title":{"rendered":"Chair with armrests Kenton"},"content":{"rendered":"<p>Kr\u0101sa: pel\u0113ks<br \/>\nGarums: 61 cm<br \/>\nPlatums: 65 cm<br \/>\nHeight: 77 cm<br \/>\nSeat height: 50 cm<\/p>\n<p>Kr\u0113sls ar roku balstiem Kenton ar spilvenu.<\/p>\n<p>ID 5851-07-73<\/p>","protected":false},"excerpt":{"rendered":"<p>Kenton ir gaum\u012bga p\u012bta un t\u012bkkoka savienojuma s\u0113rija, kas lieliski ieder\u0113sies ziemas d\u0101rz\u0101.\u00a0 \u0112damkr\u0113sls ir komplekt\u0101 ar s\u0113dek\u013ca spilvenu un \u0113rtu atzveltni.<br \/>\nTr\u012bsviet\u012bgajam d\u012bv\u0101nam ir divi biez\u0101ki s\u0113dek\u013cu spilveni un atzveltnes. Visi redzami un p\u0101rkl\u0101ti ar pel\u0113ku olef\u012bnu audumu. \u0112damistabas kr\u0113sls un lieliski savienojams ar Brafab s\u0113rijas t\u012bkloka pusdienu galdiem, d\u012bv\u0101niem un t\u012bkkoka kafijas galdi\u0146iem.<\/p>","protected":false},"featured_media":4165,"template":"","meta":{"_acf_changed":false},"product_brand":[],"product_cat":[80,73,51,50],"product_tag":[52],"class_list":{"0":"post-4164","1":"product","2":"type-product","3":"status-publish","4":"has-post-thumbnail","6":"product_cat-atputas-kresli","7":"product_cat-divani-terases","8":"product_cat-kresli-terases-mebeles","9":"product_cat-terases-mebeles","10":"product_tag-brafab","12":"first","13":"instock","14":"shipping-taxable","15":"purchasable","16":"product-type-simple"},"acf":[],"_links":{"self":[{"href":"https:\/\/lightup.lv\/en\/wp-json\/wp\/v2\/product\/4164","targetHints":{"allow":["GET"]}}],"collection":[{"href":"https:\/\/lightup.lv\/en\/wp-json\/wp\/v2\/product"}],"about":[{"href":"https:\/\/lightup.lv\/en\/wp-json\/wp\/v2\/types\/product"}],"wp:featuredmedia":[{"embeddable":true,"href":"https:\/\/lightup.lv\/en\/wp-json\/wp\/v2\/media\/4165"}],"wp:attachment":[{"href":"https:\/\/lightup.lv\/en\/wp-json\/wp\/v2\/media?parent=4164"}],"wp:term":[{"taxonomy":"product_brand","embeddable":true,"href":"https:\/\/lightup.lv\/en\/wp-json\/wp\/v2\/product_brand?post=4164"},{"taxonomy":"product_cat","embeddable":true,"href":"https:\/\/lightup.lv\/en\/wp-json\/wp\/v2\/product_cat?post=4164"},{"taxonomy":"product_tag","embeddable":true,"href":"https:\/\/lightup.lv\/en\/wp-json\/wp\/v2\/product_tag?post=4164"}],"curies":[{"name":"wp","href":"https:\/\/api.w.org\/{rel}","templated":true}]}}