{"id":4186,"date":"2020-06-02T06:16:27","date_gmt":"2020-06-02T06:16:27","guid":{"rendered":"https:\/\/lightup.lv\/product\/edamkresls-terasei-volos\/"},"modified":"2024-01-29T08:05:39","modified_gmt":"2024-01-29T08:05:39","slug":"edamkresls-terasei-volos","status":"publish","type":"product","link":"https:\/\/lightup.lv\/en\/product-catalog\/edamkresls-terasei-volos\/","title":{"rendered":"\u0112damkr\u0113sls terasei Volos"},"content":{"rendered":"<p>Kr\u0101sa: gai\u0161i br\u016bna dab\u012bga koka<br \/>\nGarums: 48 cm<br \/>\nPlatums: 63 cm<br \/>\nAugstums: 90 cm<br \/>\nSeat height: 47 cm<\/p>\n<p>Adjustable chair with armrests for terrace Volos<\/p>\n<p>ID 20469<\/p>","protected":false},"excerpt":{"rendered":"<p>T\u012bkkoka terases m\u0113b\u0113\u013cu s\u0113rija ar neatk\u0101rtojamu dizainu. Kolekcija Volos\u00a0 sast\u0101v no vair\u0101kiem galdiem un saliekamiem kr\u0113sliem ar da\u017e\u0101d\u0101m funkcij\u0101m, un, t\u0101 k\u0101 tiem visiem ir pietic\u012bgi izm\u0113ri, Volos s\u0113rija\u00a0 b\u016bs \u012bpa\u0161i piem\u0113rota ar\u012b neliel\u0101m telp\u0101m.<\/p>","protected":false},"featured_media":4187,"template":"","meta":{"_acf_changed":false},"product_brand":[],"product_cat":[73,50],"product_tag":[52],"class_list":{"0":"post-4186","1":"product","2":"type-product","3":"status-publish","4":"has-post-thumbnail","6":"product_cat-divani-terases","7":"product_cat-terases-mebeles","8":"product_tag-brafab","10":"first","11":"instock","12":"shipping-taxable","13":"purchasable","14":"product-type-simple"},"acf":[],"_links":{"self":[{"href":"https:\/\/lightup.lv\/en\/wp-json\/wp\/v2\/product\/4186","targetHints":{"allow":["GET"]}}],"collection":[{"href":"https:\/\/lightup.lv\/en\/wp-json\/wp\/v2\/product"}],"about":[{"href":"https:\/\/lightup.lv\/en\/wp-json\/wp\/v2\/types\/product"}],"wp:featuredmedia":[{"embeddable":true,"href":"https:\/\/lightup.lv\/en\/wp-json\/wp\/v2\/media\/4187"}],"wp:attachment":[{"href":"https:\/\/lightup.lv\/en\/wp-json\/wp\/v2\/media?parent=4186"}],"wp:term":[{"taxonomy":"product_brand","embeddable":true,"href":"https:\/\/lightup.lv\/en\/wp-json\/wp\/v2\/product_brand?post=4186"},{"taxonomy":"product_cat","embeddable":true,"href":"https:\/\/lightup.lv\/en\/wp-json\/wp\/v2\/product_cat?post=4186"},{"taxonomy":"product_tag","embeddable":true,"href":"https:\/\/lightup.lv\/en\/wp-json\/wp\/v2\/product_tag?post=4186"}],"curies":[{"name":"wp","href":"https:\/\/api.w.org\/{rel}","templated":true}]}}