{"id":4262,"date":"2020-06-12T20:23:25","date_gmt":"2020-06-12T20:23:25","guid":{"rendered":"https:\/\/lightup.lv\/product\/kresls-ar-roku-balstiem-zalongo-2\/"},"modified":"2024-01-29T08:04:19","modified_gmt":"2024-01-29T08:04:19","slug":"kresls-ar-roku-balstiem-zalongo-2","status":"publish","type":"product","link":"https:\/\/lightup.lv\/en\/precu-katalogs\/kresls-ar-roku-balstiem-zalongo-2\/","title":{"rendered":"Chair with armrests Zalongo"},"content":{"rendered":"<p>Kr\u0101sa: Dab\u012bga t\u012bkkoka kr\u0101sa , pel\u0113ks antrac\u012bts<br \/>\nGarums: 57,5\u00a0 cm<br \/>\nPlatums: 59,5\u00a0 cm<br \/>\nAugstums: 83 cm<br \/>\nS\u0113des augstums: 44 cm<br \/>\nChair with armrests Zalongo<\/p>\n<p>ID 4251-72-73<\/p>","protected":false},"excerpt":{"rendered":"<p>Skaista un eleganta terases m\u0113be\u013cu kolekcija, kur ir augstas kvalit\u0101tes t\u012bkkoks apvienojum\u0101 ar alum\u012bniju, kas p\u0101rkl\u0101ts ar antrac\u012btu. Tie\u0161\u0101s t\u012bkkoka deta\u013cas pastiprina kvalit\u0101ti, k\u0101 ar\u012b eleganci.<\/p>","protected":false},"featured_media":4263,"template":"","meta":{"_acf_changed":false},"product_brand":[],"product_cat":[80,50],"product_tag":[52],"class_list":{"0":"post-4262","1":"product","2":"type-product","3":"status-publish","4":"has-post-thumbnail","6":"product_cat-atputas-kresli","7":"product_cat-terases-mebeles","8":"product_tag-brafab","10":"first","11":"instock","12":"shipping-taxable","13":"purchasable","14":"product-type-simple"},"acf":[],"_links":{"self":[{"href":"https:\/\/lightup.lv\/en\/wp-json\/wp\/v2\/product\/4262","targetHints":{"allow":["GET"]}}],"collection":[{"href":"https:\/\/lightup.lv\/en\/wp-json\/wp\/v2\/product"}],"about":[{"href":"https:\/\/lightup.lv\/en\/wp-json\/wp\/v2\/types\/product"}],"wp:featuredmedia":[{"embeddable":true,"href":"https:\/\/lightup.lv\/en\/wp-json\/wp\/v2\/media\/4263"}],"wp:attachment":[{"href":"https:\/\/lightup.lv\/en\/wp-json\/wp\/v2\/media?parent=4262"}],"wp:term":[{"taxonomy":"product_brand","embeddable":true,"href":"https:\/\/lightup.lv\/en\/wp-json\/wp\/v2\/product_brand?post=4262"},{"taxonomy":"product_cat","embeddable":true,"href":"https:\/\/lightup.lv\/en\/wp-json\/wp\/v2\/product_cat?post=4262"},{"taxonomy":"product_tag","embeddable":true,"href":"https:\/\/lightup.lv\/en\/wp-json\/wp\/v2\/product_tag?post=4262"}],"curies":[{"name":"wp","href":"https:\/\/api.w.org\/{rel}","templated":true}]}}