{"id":4267,"date":"2020-06-13T07:57:13","date_gmt":"2020-06-13T07:57:13","guid":{"rendered":"https:\/\/lightup.lv\/product\/kresls-ar-roku-balstiem-ara-terasei-midway\/"},"modified":"2024-01-29T08:04:11","modified_gmt":"2024-01-29T08:04:11","slug":"kresls-ar-roku-balstiem-ara-terasei-midway","status":"publish","type":"product","link":"https:\/\/lightup.lv\/en\/product-catalog\/kresls-ar-roku-balstiem-ara-terasei-midway\/","title":{"rendered":"Midway outdoor patio chair with armrests"},"content":{"rendered":"<p>Kr\u0101sa: B\u0113\u0161a\/ smil\u0161u, gai\u0161i br\u016bna\/melna<br \/>\nGarums: 72 cm<br \/>\nPlatums: 83 cm<br \/>\nAugstums: 92 cm<br \/>\nSeat height: 45 cm<\/p>\n<p>Kr\u0113sls ar roku balstiem un m\u012bkstu spilvenu\u00a0 \u0101ra terasei Midway<\/p>\n<p>ID 4031-8-21-02<\/p>","protected":false},"excerpt":{"rendered":"<p>Midway kolekcija\u00a0 ir v\u012bt\u0101 sint\u0113tisk\u0101 kr\u0113slu s\u0113rija no rotangpalmas ar maigu modernu kont\u016bru un olef\u012bna auduma spilveniem.\u00a0 Kr\u0113sli kombin\u0113jami da\u017e\u0101d\u0101s vari\u0101cij\u0101s J\u016bsu \u0113rt\u012bbai.<\/p>","protected":false},"featured_media":4268,"template":"","meta":{"_acf_changed":false},"product_brand":[],"product_cat":[80,73,50],"product_tag":[52],"class_list":{"0":"post-4267","1":"product","2":"type-product","3":"status-publish","4":"has-post-thumbnail","6":"product_cat-atputas-kresli","7":"product_cat-divani-terases","8":"product_cat-terases-mebeles","9":"product_tag-brafab","11":"first","12":"instock","13":"shipping-taxable","14":"purchasable","15":"product-type-simple"},"acf":[],"_links":{"self":[{"href":"https:\/\/lightup.lv\/en\/wp-json\/wp\/v2\/product\/4267","targetHints":{"allow":["GET"]}}],"collection":[{"href":"https:\/\/lightup.lv\/en\/wp-json\/wp\/v2\/product"}],"about":[{"href":"https:\/\/lightup.lv\/en\/wp-json\/wp\/v2\/types\/product"}],"wp:featuredmedia":[{"embeddable":true,"href":"https:\/\/lightup.lv\/en\/wp-json\/wp\/v2\/media\/4268"}],"wp:attachment":[{"href":"https:\/\/lightup.lv\/en\/wp-json\/wp\/v2\/media?parent=4267"}],"wp:term":[{"taxonomy":"product_brand","embeddable":true,"href":"https:\/\/lightup.lv\/en\/wp-json\/wp\/v2\/product_brand?post=4267"},{"taxonomy":"product_cat","embeddable":true,"href":"https:\/\/lightup.lv\/en\/wp-json\/wp\/v2\/product_cat?post=4267"},{"taxonomy":"product_tag","embeddable":true,"href":"https:\/\/lightup.lv\/en\/wp-json\/wp\/v2\/product_tag?post=4267"}],"curies":[{"name":"wp","href":"https:\/\/api.w.org\/{rel}","templated":true}]}}