{"id":4288,"date":"2020-06-13T10:15:57","date_gmt":"2020-06-13T10:15:57","guid":{"rendered":"https:\/\/lightup.lv\/product\/kresls-ar-roku-balstiem-chios\/"},"modified":"2024-01-18T11:58:22","modified_gmt":"2024-01-18T11:58:22","slug":"kresls-ar-roku-balstiem-chios","status":"publish","type":"product","link":"https:\/\/lightup.lv\/en\/precu-katalogs\/kresls-ar-roku-balstiem-chios\/","title":{"rendered":"Chair with armrests Chios"},"content":{"rendered":"<p>Kr\u0101sa: Gai\u0161\u0161 t\u012bkkoks<br \/>\nGarums: 83 cm<br \/>\nPlatums: 77 cm<br \/>\nHeight: 90 cm<br \/>\nSeat height: 46 cm<\/p>\n<p>Kr\u0113sls ar roku balstiem \u0101ra terasei no kolekcijas Chios.<\/p>\n<p> ID 2061<\/p>","protected":false},"excerpt":{"rendered":"<p>Galdi ar aug\u0161da\u013cu, kas izgatavoti no \u0161\u0137\u0113rsenisk\u0101m t\u012bkkoka riev\u0101m, Chios atp\u016btas m\u0113be\u013cu kolekcij\u0101 \u00a0ietilpst ar\u012b atbilsto\u0161s mazais divviet\u012bgais d\u012bv\u0101ns, gu\u013camkr\u0113sls un d\u012bv\u0101nu grupa taj\u0101 pa\u0161\u0101 elegantaj\u0101 t\u012bkkoka dizain\u0101. Kr\u0113sls ir ner\u016bs\u0113jo\u0161s.<\/p>","protected":false},"featured_media":4289,"template":"","meta":{"_acf_changed":false},"product_brand":[],"product_cat":[80,73,50],"product_tag":[],"class_list":{"0":"post-4288","1":"product","2":"type-product","3":"status-publish","4":"has-post-thumbnail","6":"product_cat-atputas-kresli","7":"product_cat-divani-terases","8":"product_cat-terases-mebeles","10":"first","11":"instock","12":"shipping-taxable","13":"purchasable","14":"product-type-simple"},"acf":[],"_links":{"self":[{"href":"https:\/\/lightup.lv\/en\/wp-json\/wp\/v2\/product\/4288","targetHints":{"allow":["GET"]}}],"collection":[{"href":"https:\/\/lightup.lv\/en\/wp-json\/wp\/v2\/product"}],"about":[{"href":"https:\/\/lightup.lv\/en\/wp-json\/wp\/v2\/types\/product"}],"wp:featuredmedia":[{"embeddable":true,"href":"https:\/\/lightup.lv\/en\/wp-json\/wp\/v2\/media\/4289"}],"wp:attachment":[{"href":"https:\/\/lightup.lv\/en\/wp-json\/wp\/v2\/media?parent=4288"}],"wp:term":[{"taxonomy":"product_brand","embeddable":true,"href":"https:\/\/lightup.lv\/en\/wp-json\/wp\/v2\/product_brand?post=4288"},{"taxonomy":"product_cat","embeddable":true,"href":"https:\/\/lightup.lv\/en\/wp-json\/wp\/v2\/product_cat?post=4288"},{"taxonomy":"product_tag","embeddable":true,"href":"https:\/\/lightup.lv\/en\/wp-json\/wp\/v2\/product_tag?post=4288"}],"curies":[{"name":"wp","href":"https:\/\/api.w.org\/{rel}","templated":true}]}}