{"id":4303,"date":"2020-06-15T10:10:13","date_gmt":"2020-06-15T10:10:13","guid":{"rendered":"https:\/\/lightup.lv\/product\/gala-modula-divans-ashfield\/"},"modified":"2024-02-16T10:02:23","modified_gmt":"2024-02-16T10:02:23","slug":"gala-modula-divans-ashfield","status":"publish","type":"product","link":"https:\/\/lightup.lv\/en\/product-catalog\/gala-modula-divans-ashfield\/","title":{"rendered":"Gala modu\u013ca d\u012bv\u0101ns Ashfield"},"content":{"rendered":"<p>Kr\u0101sa: gai\u0161i br\u016bns\/ pel\u0113ks<br \/>\nGarums: 122 cm<br \/>\nPlatums: 82 cm<br \/>\nAugstums: 93 cm<br \/>\nS\u0113des augstums: 42 cm<br \/>\nGala modu\u013ca d\u012bv\u0101ns Ashfield<\/p>\n<p> ID 3755HV-20-02<\/p>\n<p> ID 3755HV-71-78<\/p>","protected":false},"excerpt":{"rendered":"<p>Vied\u0101 d\u012bv\u0101nu grupa no sint\u0113tisk\u0101s rotangpalmas, kas lieliski ieder\u0101s maz\u0101k\u0101s teritorij\u0101s. M\u0113bel\u0113m ir \u0113rts augstums, lai J\u016bs var\u0113tu baud\u012bt lieliksu malt\u012bti, izj\u016btot maksim\u0101lu komfortu. Komplekt\u0101 spilveni no olef\u012bna auduma<\/p>","protected":false},"featured_media":4304,"template":"","meta":{"_acf_changed":false},"product_brand":[],"product_cat":[73,50],"product_tag":[],"class_list":{"0":"post-4303","1":"product","2":"type-product","3":"status-publish","4":"has-post-thumbnail","6":"product_cat-divani-terases","7":"product_cat-terases-mebeles","9":"first","10":"instock","11":"shipping-taxable","12":"product-type-variable"},"acf":[],"_links":{"self":[{"href":"https:\/\/lightup.lv\/en\/wp-json\/wp\/v2\/product\/4303","targetHints":{"allow":["GET"]}}],"collection":[{"href":"https:\/\/lightup.lv\/en\/wp-json\/wp\/v2\/product"}],"about":[{"href":"https:\/\/lightup.lv\/en\/wp-json\/wp\/v2\/types\/product"}],"wp:featuredmedia":[{"embeddable":true,"href":"https:\/\/lightup.lv\/en\/wp-json\/wp\/v2\/media\/4304"}],"wp:attachment":[{"href":"https:\/\/lightup.lv\/en\/wp-json\/wp\/v2\/media?parent=4303"}],"wp:term":[{"taxonomy":"product_brand","embeddable":true,"href":"https:\/\/lightup.lv\/en\/wp-json\/wp\/v2\/product_brand?post=4303"},{"taxonomy":"product_cat","embeddable":true,"href":"https:\/\/lightup.lv\/en\/wp-json\/wp\/v2\/product_cat?post=4303"},{"taxonomy":"product_tag","embeddable":true,"href":"https:\/\/lightup.lv\/en\/wp-json\/wp\/v2\/product_tag?post=4303"}],"curies":[{"name":"wp","href":"https:\/\/api.w.org\/{rel}","templated":true}]}}