{"id":4396,"date":"2020-10-19T08:22:20","date_gmt":"2020-10-19T08:22:20","guid":{"rendered":"https:\/\/lightup.lv\/product\/kota-desk\/"},"modified":"2024-02-09T08:04:33","modified_gmt":"2024-02-09T08:04:33","slug":"kota-desk","status":"publish","type":"product","link":"https:\/\/lightup.lv\/en\/product-catalog\/kota-desk\/","title":{"rendered":"Kota Desk"},"content":{"rendered":"<p>Melns linolejs uz galda virsmas, mas\u012bvas ozola malas un k\u0101jas, divas \u0101das kabatas zem v\u0101rstiem aug\u0161da\u013cas aizmugur\u0113.<\/p>\n<p>Izm\u0113rs: 115x50x70cm<\/p>\n<p>Materi\u0101ls :Mas\u012bvkoks un \u0101das kabata<\/p>\n<p>ID 251005001162<\/p>","protected":false},"excerpt":{"rendered":"<p>Izm\u0113rs: 115x50x70cm<\/p>\n<p>Materi\u0101ls :Mas\u012bvkoks un \u0101das kabata<\/p>","protected":false},"featured_media":4397,"template":"","meta":{"_acf_changed":false},"product_brand":[],"product_cat":[101],"product_tag":[102],"class_list":{"0":"post-4396","1":"product","2":"type-product","3":"status-publish","4":"has-post-thumbnail","6":"product_cat-biroja-mebeles","7":"product_tag-woodman","9":"first","10":"onbackorder","11":"shipping-taxable","12":"purchasable","13":"product-type-simple"},"acf":[],"_links":{"self":[{"href":"https:\/\/lightup.lv\/en\/wp-json\/wp\/v2\/product\/4396","targetHints":{"allow":["GET"]}}],"collection":[{"href":"https:\/\/lightup.lv\/en\/wp-json\/wp\/v2\/product"}],"about":[{"href":"https:\/\/lightup.lv\/en\/wp-json\/wp\/v2\/types\/product"}],"wp:featuredmedia":[{"embeddable":true,"href":"https:\/\/lightup.lv\/en\/wp-json\/wp\/v2\/media\/4397"}],"wp:attachment":[{"href":"https:\/\/lightup.lv\/en\/wp-json\/wp\/v2\/media?parent=4396"}],"wp:term":[{"taxonomy":"product_brand","embeddable":true,"href":"https:\/\/lightup.lv\/en\/wp-json\/wp\/v2\/product_brand?post=4396"},{"taxonomy":"product_cat","embeddable":true,"href":"https:\/\/lightup.lv\/en\/wp-json\/wp\/v2\/product_cat?post=4396"},{"taxonomy":"product_tag","embeddable":true,"href":"https:\/\/lightup.lv\/en\/wp-json\/wp\/v2\/product_tag?post=4396"}],"curies":[{"name":"wp","href":"https:\/\/api.w.org\/{rel}","templated":true}]}}