{"id":4424,"date":"2020-10-19T08:34:51","date_gmt":"2020-10-19T08:34:51","guid":{"rendered":"https:\/\/lightup.lv\/product\/darbs-no-majam-darba-galds-majas-4\/"},"modified":"2024-02-09T08:04:51","modified_gmt":"2024-02-09T08:04:51","slug":"darbs-no-majam-darba-galds-majas-4","status":"publish","type":"product","link":"https:\/\/lightup.lv\/en\/product-catalog\/darbs-no-majam-darba-galds-majas-4\/","title":{"rendered":"St James Desk White\/Oak"},"content":{"rendered":"<p>Mas\u012bv\u0101s ozolkoka k\u0101jas. Balts in\u017eenierijas koka korpuss, kas izvelk izvelkamo darba virsmu. Kad izvelkam\u0101 darba virsma ir atv\u0113rta, izstr\u0101d\u0101juma dzi\u013cums palielin\u0101s l\u012bdz 69 cm. Zem korpusa kabe\u013ciem ir caurumi.<\/p>\n<p>Izm\u0113rs: 117x47x84cm<\/p>\n<p>ID 114001008014<\/p>","protected":false},"excerpt":{"rendered":"<p>Izm\u0113rs: 117x47x84cm<\/p>","protected":false},"featured_media":4425,"template":"","meta":{"_acf_changed":false},"product_brand":[],"product_cat":[101],"product_tag":[102],"class_list":{"0":"post-4424","1":"product","2":"type-product","3":"status-publish","4":"has-post-thumbnail","6":"product_cat-biroja-mebeles","7":"product_tag-woodman","9":"first","10":"onbackorder","11":"shipping-taxable","12":"purchasable","13":"product-type-simple"},"acf":[],"_links":{"self":[{"href":"https:\/\/lightup.lv\/en\/wp-json\/wp\/v2\/product\/4424","targetHints":{"allow":["GET"]}}],"collection":[{"href":"https:\/\/lightup.lv\/en\/wp-json\/wp\/v2\/product"}],"about":[{"href":"https:\/\/lightup.lv\/en\/wp-json\/wp\/v2\/types\/product"}],"wp:featuredmedia":[{"embeddable":true,"href":"https:\/\/lightup.lv\/en\/wp-json\/wp\/v2\/media\/4425"}],"wp:attachment":[{"href":"https:\/\/lightup.lv\/en\/wp-json\/wp\/v2\/media?parent=4424"}],"wp:term":[{"taxonomy":"product_brand","embeddable":true,"href":"https:\/\/lightup.lv\/en\/wp-json\/wp\/v2\/product_brand?post=4424"},{"taxonomy":"product_cat","embeddable":true,"href":"https:\/\/lightup.lv\/en\/wp-json\/wp\/v2\/product_cat?post=4424"},{"taxonomy":"product_tag","embeddable":true,"href":"https:\/\/lightup.lv\/en\/wp-json\/wp\/v2\/product_tag?post=4424"}],"curies":[{"name":"wp","href":"https:\/\/api.w.org\/{rel}","templated":true}]}}